{"id":20626,"date":"2022-12-23T12:26:36","date_gmt":"2022-12-23T12:26:36","guid":{"rendered":"https:\/\/energie.pt\/registro-de-usuario\/"},"modified":"2024-05-02T09:50:19","modified_gmt":"2024-05-02T09:50:19","slug":"registro-de-usuario","status":"publish","type":"page","link":"https:\/\/energie.pt\/es\/registro-de-usuario\/","title":{"rendered":"Registro de usuario"},"content":{"rendered":"<div class=\"frm_forms \" id=\"frm_form_18_container\" data-token=\"bdc236b43f34c01548405e14ebc62c93\">\n<form enctype=\"multipart\/form-data\" method=\"post\" class=\"frm-show-form  frm_pro_form \" id=\"form_user-registration\"  data-token=\"bdc236b43f34c01548405e14ebc62c93\">\n<div class=\"frm_form_fields \">\n<fieldset>\n<legend class=\"frm_hidden\">Registro de usuario<\/legend>\r\n\r\n<div class=\"frm_fields_container\">\n<input type=\"hidden\" name=\"frm_action\" value=\"create\" \/>\n<input type=\"hidden\" name=\"form_id\" value=\"18\" \/>\n<input type=\"hidden\" name=\"frm_hide_fields_18\" id=\"frm_hide_fields_18\" value=\"\" \/>\n<input type=\"hidden\" name=\"form_key\" value=\"user-registration\" \/>\n<input type=\"hidden\" name=\"item_meta[0]\" value=\"\" \/>\n<input type=\"hidden\" id=\"frm_submit_entry_18\" name=\"frm_submit_entry_18\" value=\"c733d7b9a9\" \/><input type=\"hidden\" name=\"_wp_http_referer\" value=\"\/es\/wp-json\/wp\/v2\/pages\/20626\" \/><div id=\"frm_field_268_container\" class=\"frm_form_field form-field  frm_required_field frm_top_container frm_first frm_full\">\r\n    <label for=\"field_xyrs9\" class=\"frm_primary_label\">Nombre de utilizador\r\n        <span class=\"frm_required\">*<\/span>\r\n    <\/label>\r\n    <input type=\"text\" id=\"field_xyrs9\" name=\"item_meta[268]\" value=\"\"  maxlength=\"24\" data-reqmsg=\"Este campo no puede estar vac\u00edo\" aria-required=\"true\" data-invmsg=\"Username is invalid\" aria-invalid=\"false\" pattern=\"([a-zA-Z0-9]{8,24})$\"   aria-describedby=\"frm_desc_field_xyrs9\"\/>\r\n    <div id=\"frm_desc_field_xyrs9\" class=\"frm_description\">Solo se permiten letras min\u00fasculas (a-z) y n\u00fameros (0-9).<\/div>\r\n    \r\n<\/div>\n<div id=\"frm_field_266_container\" class=\"frm_form_field form-field  frm_required_field frm_top_container frm_half\">\r\n    <label for=\"field_o69jd\" class=\"frm_primary_label\">Nombre\r\n        <span class=\"frm_required\">*<\/span>\r\n    <\/label>\r\n    <input type=\"text\" id=\"field_o69jd\" name=\"item_meta[266]\" value=\"\"  data-reqmsg=\"Este campo no puede estar vac\u00edo\" aria-required=\"true\" data-invmsg=\"Name is invalid\" aria-invalid=\"false\"  \/>\r\n    \r\n    \r\n<\/div>\n<div id=\"frm_field_267_container\" class=\"frm_form_field form-field  frm_required_field frm_top_container frm_half\">\r\n    <label for=\"field_l3dkc\" class=\"frm_primary_label\">Apellido\r\n        <span class=\"frm_required\">*<\/span>\r\n    <\/label>\r\n    <input type=\"text\" id=\"field_l3dkc\" name=\"item_meta[267]\" value=\"\"  data-reqmsg=\"Este campo no puede estar vac\u00edo\" aria-required=\"true\" data-invmsg=\"Last Name is invalid\" aria-invalid=\"false\"  \/>\r\n    \r\n    \r\n<\/div>\n<div id=\"frm_field_276_container\" class=\"frm_form_field form-field  frm_required_field frm_top_container frm3 frm_first\">\r\n    <label for=\"field_658up\" class=\"frm_primary_label\">Empresa\r\n        <span class=\"frm_required\">*<\/span>\r\n    <\/label>\r\n    <input type=\"text\" id=\"field_658up\" name=\"item_meta[276]\" value=\"\" autocomplete=\"off\" data-reqmsg=\"Este campo no puede estar vac\u00edo\" aria-required=\"true\" data-invmsg=\"Username is invalid\" aria-invalid=\"false\"  \/>\r\n    \r\n    \r\n<\/div>\n<div id=\"frm_field_355_container\" class=\"frm_form_field form-field  frm_required_field frm_top_container frm3\">\r\n    <label for=\"field_b0wp\" class=\"frm_primary_label\">Pa\u00eds\r\n        <span class=\"frm_required\">*<\/span>\r\n    <\/label>\r\n    <input type=\"text\" id=\"field_b0wp\" name=\"item_meta[355]\" value=\"\" autocomplete=\"off\" data-reqmsg=\"Este campo no puede estar vac\u00edo\" aria-required=\"true\" data-invmsg=\"Username is invalid\" aria-invalid=\"false\"  \/>\r\n    \r\n    \r\n<\/div>\n<div id=\"frm_field_278_container\" class=\"frm_form_field form-field  frm_required_field frm_top_container frm3\">\r\n    <label for=\"field_53ule\" id=\"field_53ule_label\" class=\"frm_primary_label\">NIF\r\n        <span class=\"frm_required\" aria-hidden=\"true\">*<\/span>\r\n    <\/label>\r\n    <input type=\"number\" id=\"field_53ule\" name=\"item_meta[278]\" value=\"\"  data-reqmsg=\"Este campo no puede estar vac\u00edo\" aria-required=\"true\" data-invmsg=\"Number is invalid\" aria-invalid=\"false\"   min=\"0\" max=\"999999999\" step=\"any\"\/>\r\n    \r\n    \r\n<\/div>\n<div id=\"frm_field_335_container\" class=\"frm_form_field form-field  frm_required_field frm_top_container frm3\">\r\n    <label for=\"field_k1aef\" id=\"field_k1aef_label\" class=\"frm_primary_label\">Tel\u00e9fono\r\n        <span class=\"frm_required\" aria-hidden=\"true\">*<\/span>\r\n    <\/label>\r\n    <input type=\"tel\" id=\"field_k1aef\" name=\"item_meta[335]\" value=\"\"  data-reqmsg=\"Este campo n\u00e3o pode estar vazio.\" aria-required=\"true\" data-invmsg=\"Phone is invalid\" aria-invalid=\"false\" pattern=\"((\\+\\d{1,3}(-|.| )?\\(?\\d\\)?(-| |.)?\\d{1,5})|(\\(?\\d{2,6}\\)?))(-|.| )?(\\d{3,4})(-|.| )?(\\d{4})(( x| ext)\\d{1,5}){0,1}$\"  \/>\r\n    \r\n    \r\n<\/div>\n<div id=\"frm_field_269_container\" class=\"frm_form_field form-field  frm_required_field frm_top_container frm12 frm_first\">\r\n    <label for=\"field_qulq1\" class=\"frm_primary_label\">Email\r\n        <span class=\"frm_required\">*<\/span>\r\n    <\/label>\r\n    <input type=\"email\" id=\"field_qulq1\" name=\"item_meta[269]\" value=\"\"  data-reqmsg=\"Este campo no puede estar vac\u00edo\" aria-required=\"true\" data-invmsg=\"Email Address is invalid\" aria-invalid=\"false\"   aria-describedby=\"frm_desc_field_qulq1\"\/>\r\n    <div id=\"frm_desc_field_qulq1\" class=\"frm_description\">Email<\/div>\r\n    \r\n<\/div>\n<div id=\"frm_field_conf_269_container\" class=\"frm_form_field frm_hidden_container frm_conf_field form-field  frm_required_field frm_top_container frm12 \">\r\n    <label for=\"field_conf_qulq1\" class=\"frm_conf_label frm_primary_label\">Confirmar Email\r\n        <span class=\"frm_required\">*<\/span>\r\n    <\/label>\r\n    <input type=\"email\" id=\"field_conf_qulq1\" name=\"item_meta[conf_269]\" value=\"\"  data-reqmsg=\"Este campo no puede estar vac\u00edo\" aria-required=\"true\" data-confmsg=\"The entered values do not match\" data-invmsg=\"Email Address is invalid\" aria-invalid=\"false\"   aria-describedby=\"frm_desc_field_conf_qulq1\"\/>\r\n    <div id=\"frm_desc_field_conf_qulq1\" class=\"frm_description\">Confirmar correo electr\u00f3nico<\/div>\r\n    \r\n<\/div>\n<div id=\"frm_field_270_container\" class=\"frm_form_field form-field  frm_required_field frm_top_container frm_first frm_half\">\r\n    <label for=\"field_1abwj\" class=\"frm_primary_label\">Contrase\u00f1a de acceso\r\n        <span class=\"frm_required\">*<\/span>\r\n    <\/label>\r\n    <input type=\"password\" id=\"field_1abwj\" name=\"item_meta[270]\" value=\"\"  data-reqmsg=\"Este campo no puede estar vac\u00edo\" aria-required=\"true\" data-invmsg=\"Password is invalid\" aria-invalid=\"false\"   aria-describedby=\"frm_desc_field_1abwj\"\/>\r\n    <div id=\"frm_desc_field_1abwj\" class=\"frm_description\">Introduzca la contrase\u00f1a de acceso<\/div>\r\n    \r\n<\/div>\n<div id=\"frm_field_conf_270_container\" class=\"frm_form_field frm_hidden_container frm_conf_field form-field  frm_required_field frm_top_container  frm_half\">\r\n    <label for=\"field_conf_1abwj\" class=\"frm_conf_label frm_primary_label\">Confirmar Contrase\u00f1a de acceso\r\n        <span class=\"frm_required\">*<\/span>\r\n    <\/label>\r\n    <input type=\"password\" id=\"field_conf_1abwj\" name=\"item_meta[conf_270]\" value=\"\"  data-reqmsg=\"Este campo no puede estar vac\u00edo\" aria-required=\"true\" data-confmsg=\"The entered values do not match\" data-invmsg=\"Password is invalid\" aria-invalid=\"false\"   aria-describedby=\"frm_desc_field_conf_1abwj\"\/>\r\n    <div id=\"frm_desc_field_conf_1abwj\" class=\"frm_description\">Confirmar contrase\u00f1a de acceso<\/div>\r\n    \r\n<\/div>\n<input type=\"hidden\" name=\"item_meta[292]\" id=\"field_jrw60\" value=\"es\"  data-frmval=\"es\"   \/>\n<input type=\"hidden\" name=\"item_meta[351]\" id=\"field_q476j\" value=\"\"     \/>\n<input type=\"hidden\" name=\"item_meta[349]\" id=\"field_e2ecu\" value=\"\" data-frmval=\"\"\/>\n<div id=\"frm_field_354_container\" class=\"frm_form_field form-field \">\r\n\t\t\t<div id=\"cf-turnstile-fmdble-4280741292\"\r\n\t\tclass=\"cf-turnstile\" data-callback=\"turnstileFormidableCallback\"\t\tdata-sitekey=\"0x4AAAAAAA5N3QybhBtFsk3E\"\r\n\t\tdata-theme=\"light\"\r\n\t\tdata-language=\"auto\"\r\n\t\tdata-size=\"normal\"\r\n\t\tdata-retry=\"auto\" data-retry-interval=\"1000\"\r\n\t\tdata-action=\"formidable-form-18\"\r\n\t\t\t\tdata-appearance=\"always\"><\/div>\r\n\t\t\t\t<style>-fmdble-4280741292 { pointer-events: none; opacity: 0.5; }<\/style>\r\n\t\t\t<script>document.addEventListener(\"DOMContentLoaded\",(function(){var e=document.getElementById(\"cf-turnstile-fmdble-4280741292\");e&&!e.innerHTML.trim()&&(turnstile.remove(\"#cf-turnstile-fmdble-4280741292\"),turnstile.render(\"#cf-turnstile-fmdble-4280741292\",{sitekey:\"0x4AAAAAAA5N3QybhBtFsk3E\"}))}));<\/script>\r\n\t\t\t<br class=\"cf-turnstile-br cf-turnstile-br-fmdble-4280741292\">\r\n\t\t\t\t<style>#cf-turnstile-fmdble-4280741292 { margin-left: -15px; }<\/style>\r\n\t\t<div class=\"frm_submit\">\r\n\r\n<button class=\"frm_button_submit frm_final_submit\" type=\"submit\"   formnovalidate=\"formnovalidate\">Registar<\/button>\r\n\r\n<\/div>\r\n<\/div>\n\t<input type=\"hidden\" name=\"item_key\" value=\"\" \/>\n\t\t\t\t<div class=\"frm__6539a284cd187\">\n\t\t\t\t<label for=\"frm_email_18\" >\n\t\t\t\t\tSi eres humano, deja este campo en blanco.\t\t\t\t<\/label>\n\t\t\t\t<input  id=\"frm_email_18\" type=\"text\" class=\"frm_verify\" name=\"frm__6539a284cd187\" value=\"\" autocomplete=\"off\"  \/>\n\t\t\t<\/div>\n\t\t<input type=\"hidden\" name=\"frm_register[email]\" value=\"269\"\/>\n<input type=\"hidden\" name=\"frm_register[username]\" value=\"268\"\/>\n<input type=\"hidden\" name=\"frm_register[password]\" value=\"270\"\/>\n<input type=\"hidden\" name=\"frm_register[subsite_title]\" value=\"username\"\/>\n<input type=\"hidden\" name=\"frm_register[subsite_domain]\" value=\"blog_title\"\/>\n<input name=\"frm_state\" type=\"hidden\" value=\"5hsDorggJNfc7COLSNrj9FafvpYFMXyVknSY+Z28RvCMVo3\/yrWBvziHMi0fgHCo\" \/><\/div>\n<\/fieldset>\n<\/div>\n<\/form>\n<\/div>\n","protected":false},"excerpt":{"rendered":"","protected":false},"author":12,"featured_media":0,"parent":0,"menu_order":0,"comment_status":"closed","ping_status":"closed","template":"","meta":{"_acf_changed":false,"footnotes":""},"class_list":["post-20626","page","type-page","status-publish","hentry"],"blocksy_meta":{"styles_descriptor":{"styles":{"desktop":"","tablet":"","mobile":""},"google_fonts":[],"version":6},"page_title_panel":"","has_hero_section":"default","78c9dd3af36c88f8a0ec7ff79a5037bd":"","hero_section":"type-2","hero_elements":[{"id":"custom_title","enabled":true,"heading_tag":"h1","title":"In\u00edcio"},{"id":"custom_description","enabled":true,"description_visibility":{"desktop":true,"tablet":true,"mobile":false}},{"id":"custom_meta","enabled":false,"meta_elements":[{"id":"author","enabled":true,"label":"Por","has_author_avatar":"yes","avatar_size":25},{"id":"post_date","enabled":true,"label":"Em","date_format_source":"default","date_format":"M j, Y"},{"id":"updated_date","enabled":false,"label":"Em","date_format_source":"default","date_format":"M j, Y"},{"id":"categories","enabled":false,"label":"Em","style":"simple"},{"id":"comments","enabled":true}],"page_meta_elements":{"joined":true,"articles_count":true,"comments":true}},{"id":"breadcrumbs","enabled":false}],"f5ef427d04fb8fc229bbe4bbe38a8608":"","hero_alignment1":"CT_CSS_SKIP_RULE","hero_margin":40,"hero_alignment2":{"desktop":"left","tablet":"left","mobile":"left","__changed":[]},"hero_vertical_alignment":"center","0c1c07fe142ea1b90b3c57bbb2b3a2be":"","hero_structure":"normal","f7f5d49fe5a409536535cbcdb668a355":"","page_title_bg_type":"featured_image","custom_hero_background":{"attachment_id":null},"page_title_image_size":"full","parallax":{"desktop":false,"tablet":false,"mobile":false},"678b6530a52b5cc1563817ec542a9ae8":"","hero_height":"250px","pageTitleFont":{"family":"Default","variation":"Default","size":"30px","line-height":"CT_CSS_SKIP_RULE","letter-spacing":"CT_CSS_SKIP_RULE","text-transform":"CT_CSS_SKIP_RULE","text-decoration":"CT_CSS_SKIP_RULE"},"pageTitleFontColor":{"default":{"color":"var(--theme-palette-color-8)"}},"pageMetaFont":{"family":"Default","variation":"n6","size":"12px","line-height":"1.3","letter-spacing":"CT_CSS_SKIP_RULE","text-transform":"uppercase","text-decoration":"CT_CSS_SKIP_RULE"},"pageMetaFontColor":{"default":{"color":"CT_CSS_SKIP_RULEDEFAULT"},"hover":{"color":"CT_CSS_SKIP_RULEDEFAULT"}},"page_meta_button_type_font_colors":{"default":{"color":"CT_CSS_SKIP_RULEDEFAULT"},"hover":{"color":"CT_CSS_SKIP_RULEDEFAULT"}},"page_meta_button_type_background_colors":{"default":{"color":"CT_CSS_SKIP_RULEDEFAULT"},"hover":{"color":"CT_CSS_SKIP_RULEDEFAULT"}},"pageExcerptFont":{"family":"Default","variation":"Default","size":"CT_CSS_SKIP_RULE","line-height":"CT_CSS_SKIP_RULE","letter-spacing":"CT_CSS_SKIP_RULE","text-transform":"CT_CSS_SKIP_RULE","text-decoration":"CT_CSS_SKIP_RULE"},"pageExcerptColor":{"default":{"color":"CT_CSS_SKIP_RULEDEFAULT"}},"breadcrumbsFont":{"family":"Default","variation":"Default","size":"CT_CSS_SKIP_RULE","line-height":"CT_CSS_SKIP_RULE","letter-spacing":"CT_CSS_SKIP_RULE","text-transform":"CT_CSS_SKIP_RULE","text-decoration":"CT_CSS_SKIP_RULE"},"breadcrumbsFontColor":{"default":{"color":"CT_CSS_SKIP_RULEDEFAULT"},"initial":{"color":"CT_CSS_SKIP_RULEDEFAULT"},"hover":{"color":"CT_CSS_SKIP_RULEDEFAULT"}},"acf_field_hero_elements":"","typography":{"family":"Default","variation":"Default","size":"CT_CSS_SKIP_RULE","line-height":"CT_CSS_SKIP_RULE","letter-spacing":"CT_CSS_SKIP_RULE","text-transform":"CT_CSS_SKIP_RULE","text-decoration":"CT_CSS_SKIP_RULE"},"color":{"default":{"color":"CT_CSS_SKIP_RULEDEFAULT"},"hover":{"color":"CT_CSS_SKIP_RULEDEFAULT"}},"metabox_field_hero_elements":"","toolset_field_hero_elements":"","jetengine_field_hero_elements":"","custom_field_hero_elements":"","pageTitleOverlay":{"background_type":"color","background_pattern":"type-1","background_image":{"attachment_id":null,"x":0,"y":0},"gradient":"linear-gradient(135deg,rgba(6,147,227,1) 0%,rgb(155,81,224) 100%)","background_repeat":"repeat","background_size":"auto","background_attachment":"scroll","patternColor":{"default":{"color":"#e5e7ea"}},"overlayColor":{"default":{"color":"CT_CSS_SKIP_RULE"}},"backgroundColor":{"default":{"color":"CT_CSS_SKIP_RULE"}}},"pageTitleBackground":{"background_type":"color","background_pattern":"type-1","background_image":{"attachment_id":null,"x":0,"y":0},"gradient":"linear-gradient(135deg,rgba(6,147,227,1) 0%,rgb(155,81,224) 100%)","background_repeat":"repeat","background_size":"auto","background_attachment":"scroll","patternColor":{"default":{"color":"#e5e7ea"}},"overlayColor":{"default":{"color":"CT_CSS_SKIP_RULE"}},"backgroundColor":{"default":{"color":"var(--theme-palette-color-1)"}}},"pageTitlePadding":{"top":"50px","bottom":"50px","left":"auto","right":"auto","linked":true},"6196259aa4606f18da8d62e864f49eac":"","page_structure_type":"default","b0b563c70a1daaf563f224bd2dc320a4":"","content_style_source":"inherit","content_style":"wide","vertical_spacing_source":"inherit","content_area_spacing":"both","background":{"background_type":"color","background_pattern":"type-1","background_image":{"attachment_id":null,"x":0,"y":0},"gradient":"linear-gradient(135deg,rgba(6,147,227,1) 0%,rgb(155,81,224) 100%)","background_repeat":"repeat","background_size":"auto","background_attachment":"scroll","patternColor":{"default":{"color":"#e5e7ea"}},"overlayColor":{"default":{"color":"CT_CSS_SKIP_RULE"}},"backgroundColor":{"default":{"color":"CT_CSS_SKIP_RULE"}}},"content_background":{"background_type":"color","background_pattern":"type-1","background_image":{"attachment_id":null,"x":0,"y":0},"gradient":"linear-gradient(135deg,rgba(6,147,227,1) 0%,rgb(155,81,224) 100%)","background_repeat":"repeat","background_size":"auto","background_attachment":"scroll","patternColor":{"default":{"color":"#e5e7ea"}},"overlayColor":{"default":{"color":"CT_CSS_SKIP_RULE"}},"backgroundColor":{"default":{"color":"var(--theme-palette-color-8)"}}},"content_boxed_shadow":{"inherit":false,"blur":18,"spread":-6,"v_offset":12,"h_offset":0,"inset":false,"enable":true,"color":{"color":"rgba(34, 56, 101, 0.04)"}},"content_boxed_border":{"width":1,"style":"none","color":{"color":"rgba(44,62,80,0.2)"}},"content_boxed_radius":{"top":"3px","bottom":"3px","left":"3px","right":"3px","linked":true},"boxed_content_spacing":{"desktop":{"top":"40px","bottom":"40px","left":"40px","right":"40px","linked":true},"tablet":{"top":"35px","bottom":"35px","left":"35px","right":"35px","linked":true},"mobile":{"top":"20px","bottom":"20px","left":"20px","right":"20px","linked":true}},"982c009eb12b06c684c814c4aa734d00":"","disable_featured_image":"no","disable_share_box":"no","disable_header":"no","disable_footer":"no"},"acf":[],"yoast_head":"<!-- This site is optimized with the Yoast SEO plugin v22.8 - https:\/\/yoast.com\/wordpress\/plugins\/seo\/ -->\r\n<title>Registro de usuario - ENERGIE EST, Lda.<\/title>\r\n<meta name=\"robots\" content=\"index, follow, max-snippet:-1, max-image-preview:large, max-video-preview:-1\" \/>\r\n<link rel=\"canonical\" href=\"https:\/\/energie.pt\/es\/registro-de-usuario\/\" \/>\r\n<meta property=\"og:locale\" content=\"es_ES\" \/>\r\n<meta property=\"og:type\" content=\"article\" \/>\r\n<meta property=\"og:title\" content=\"Registro de usuario - ENERGIE EST, Lda.\" \/>\r\n<meta property=\"og:url\" content=\"https:\/\/energie.pt\/es\/registro-de-usuario\/\" \/>\r\n<meta property=\"og:site_name\" content=\"ENERGIE EST, Lda.\" \/>\r\n<meta property=\"article:publisher\" content=\"https:\/\/www.facebook.com\/EnergiePortugalEst\/\" \/>\r\n<meta property=\"article:modified_time\" content=\"2024-05-02T09:50:19+00:00\" \/>\r\n<meta name=\"twitter:card\" content=\"summary_large_image\" \/>\r\n<script type=\"application\/ld+json\" class=\"yoast-schema-graph\">{\"@context\":\"https:\/\/schema.org\",\"@graph\":[{\"@type\":\"WebPage\",\"@id\":\"https:\/\/energie.pt\/es\/registro-de-usuario\/\",\"url\":\"https:\/\/energie.pt\/es\/registro-de-usuario\/\",\"name\":\"Registro de usuario - ENERGIE EST, Lda.\",\"isPartOf\":{\"@id\":\"https:\/\/energie.pt\/es\/#website\"},\"datePublished\":\"2022-12-23T12:26:36+00:00\",\"dateModified\":\"2024-05-02T09:50:19+00:00\",\"breadcrumb\":{\"@id\":\"https:\/\/energie.pt\/es\/registro-de-usuario\/#breadcrumb\"},\"inLanguage\":\"es\",\"potentialAction\":[{\"@type\":\"ReadAction\",\"target\":[\"https:\/\/energie.pt\/es\/registro-de-usuario\/\"]}]},{\"@type\":\"BreadcrumbList\",\"@id\":\"https:\/\/energie.pt\/es\/registro-de-usuario\/#breadcrumb\",\"itemListElement\":[{\"@type\":\"ListItem\",\"position\":1,\"name\":\"P\u00e1gina principal\",\"item\":\"https:\/\/energie.pt\/es\/\"},{\"@type\":\"ListItem\",\"position\":2,\"name\":\"Registro de usuario\"}]},{\"@type\":\"WebSite\",\"@id\":\"https:\/\/energie.pt\/es\/#website\",\"url\":\"https:\/\/energie.pt\/es\/\",\"name\":\"ENERGIE\",\"description\":\"Soluciones de Energ\u00eda Solar Termodin\u00e1mica, Climatizaci\u00f3n, Bombas de Calor y ACS\",\"publisher\":{\"@id\":\"https:\/\/energie.pt\/es\/#organization\"},\"alternateName\":\"ENERGIE\",\"potentialAction\":[{\"@type\":\"SearchAction\",\"target\":{\"@type\":\"EntryPoint\",\"urlTemplate\":\"https:\/\/energie.pt\/es\/?s={search_term_string}\"},\"query-input\":\"required name=search_term_string\"}],\"inLanguage\":\"es\"},{\"@type\":\"Organization\",\"@id\":\"https:\/\/energie.pt\/es\/#organization\",\"name\":\"Energie - Thermodynamic Solar Energy\",\"alternateName\":\"Energie\",\"url\":\"https:\/\/energie.pt\/es\/\",\"logo\":{\"@type\":\"ImageObject\",\"inLanguage\":\"es\",\"@id\":\"https:\/\/energie.pt\/es\/#\/schema\/logo\/image\/\",\"url\":\"https:\/\/energie.pt\/wp-content\/uploads\/2021\/06\/logo_energie.svg\",\"contentUrl\":\"https:\/\/energie.pt\/wp-content\/uploads\/2021\/06\/logo_energie.svg\",\"width\":190,\"height\":55,\"caption\":\"Energie - Thermodynamic Solar Energy\"},\"image\":{\"@id\":\"https:\/\/energie.pt\/es\/#\/schema\/logo\/image\/\"},\"sameAs\":[\"https:\/\/www.facebook.com\/EnergiePortugalEst\/\",\"https:\/\/www.instagram.com\/energieportugal\/\",\"https:\/\/www.youtube.com\/channel\/UCnItbF_zm_YZ1tFqzUcVgPQ\",\"https:\/\/www.linkedin.com\/company\/energieportugal\/\"]}]}<\/script>\r\n<!-- \/ Yoast SEO plugin. -->","yoast_head_json":{"title":"Registro de usuario - ENERGIE EST, Lda.","robots":{"index":"index","follow":"follow","max-snippet":"max-snippet:-1","max-image-preview":"max-image-preview:large","max-video-preview":"max-video-preview:-1"},"canonical":"https:\/\/energie.pt\/es\/registro-de-usuario\/","og_locale":"es_ES","og_type":"article","og_title":"Registro de usuario - ENERGIE EST, Lda.","og_url":"https:\/\/energie.pt\/es\/registro-de-usuario\/","og_site_name":"ENERGIE EST, Lda.","article_publisher":"https:\/\/www.facebook.com\/EnergiePortugalEst\/","article_modified_time":"2024-05-02T09:50:19+00:00","twitter_card":"summary_large_image","schema":{"@context":"https:\/\/schema.org","@graph":[{"@type":"WebPage","@id":"https:\/\/energie.pt\/es\/registro-de-usuario\/","url":"https:\/\/energie.pt\/es\/registro-de-usuario\/","name":"Registro de usuario - ENERGIE EST, Lda.","isPartOf":{"@id":"https:\/\/energie.pt\/es\/#website"},"datePublished":"2022-12-23T12:26:36+00:00","dateModified":"2024-05-02T09:50:19+00:00","breadcrumb":{"@id":"https:\/\/energie.pt\/es\/registro-de-usuario\/#breadcrumb"},"inLanguage":"es","potentialAction":[{"@type":"ReadAction","target":["https:\/\/energie.pt\/es\/registro-de-usuario\/"]}]},{"@type":"BreadcrumbList","@id":"https:\/\/energie.pt\/es\/registro-de-usuario\/#breadcrumb","itemListElement":[{"@type":"ListItem","position":1,"name":"P\u00e1gina principal","item":"https:\/\/energie.pt\/es\/"},{"@type":"ListItem","position":2,"name":"Registro de usuario"}]},{"@type":"WebSite","@id":"https:\/\/energie.pt\/es\/#website","url":"https:\/\/energie.pt\/es\/","name":"ENERGIE","description":"Soluciones de Energ\u00eda Solar Termodin\u00e1mica, Climatizaci\u00f3n, Bombas de Calor y ACS","publisher":{"@id":"https:\/\/energie.pt\/es\/#organization"},"alternateName":"ENERGIE","potentialAction":[{"@type":"SearchAction","target":{"@type":"EntryPoint","urlTemplate":"https:\/\/energie.pt\/es\/?s={search_term_string}"},"query-input":"required name=search_term_string"}],"inLanguage":"es"},{"@type":"Organization","@id":"https:\/\/energie.pt\/es\/#organization","name":"Energie - Thermodynamic Solar Energy","alternateName":"Energie","url":"https:\/\/energie.pt\/es\/","logo":{"@type":"ImageObject","inLanguage":"es","@id":"https:\/\/energie.pt\/es\/#\/schema\/logo\/image\/","url":"https:\/\/energie.pt\/wp-content\/uploads\/2021\/06\/logo_energie.svg","contentUrl":"https:\/\/energie.pt\/wp-content\/uploads\/2021\/06\/logo_energie.svg","width":190,"height":55,"caption":"Energie - Thermodynamic Solar Energy"},"image":{"@id":"https:\/\/energie.pt\/es\/#\/schema\/logo\/image\/"},"sameAs":["https:\/\/www.facebook.com\/EnergiePortugalEst\/","https:\/\/www.instagram.com\/energieportugal\/","https:\/\/www.youtube.com\/channel\/UCnItbF_zm_YZ1tFqzUcVgPQ","https:\/\/www.linkedin.com\/company\/energieportugal\/"]}]}},"_links":{"self":[{"href":"https:\/\/energie.pt\/es\/wp-json\/wp\/v2\/pages\/20626"}],"collection":[{"href":"https:\/\/energie.pt\/es\/wp-json\/wp\/v2\/pages"}],"about":[{"href":"https:\/\/energie.pt\/es\/wp-json\/wp\/v2\/types\/page"}],"author":[{"embeddable":true,"href":"https:\/\/energie.pt\/es\/wp-json\/wp\/v2\/users\/12"}],"replies":[{"embeddable":true,"href":"https:\/\/energie.pt\/es\/wp-json\/wp\/v2\/comments?post=20626"}],"version-history":[{"count":1,"href":"https:\/\/energie.pt\/es\/wp-json\/wp\/v2\/pages\/20626\/revisions"}],"predecessor-version":[{"id":25662,"href":"https:\/\/energie.pt\/es\/wp-json\/wp\/v2\/pages\/20626\/revisions\/25662"}],"wp:attachment":[{"href":"https:\/\/energie.pt\/es\/wp-json\/wp\/v2\/media?parent=20626"}],"curies":[{"name":"wp","href":"https:\/\/api.w.org\/{rel}","templated":true}]}}