{"id":24994,"date":"2024-02-20T11:06:40","date_gmt":"2024-02-20T11:06:40","guid":{"rendered":"https:\/\/energie.pt\/recuperar-senha-de-acesso\/"},"modified":"2024-05-02T10:52:27","modified_gmt":"2024-05-02T10:52:27","slug":"recuperar-senha-de-acesso","status":"publish","type":"page","link":"https:\/\/energie.pt\/es\/recuperar-senha-de-acesso\/","title":{"rendered":"Restablecer su contrase\u00f1a"},"content":{"rendered":"\n<div class=\"wp-block-columns are-vertically-aligned-center is-layout-flex wp-container-core-columns-is-layout-1 wp-block-columns-is-layout-flex\">\n<div class=\"wp-block-column is-vertically-aligned-center is-layout-flow wp-block-column-is-layout-flow\">\n\n<div id=\"frm-reset-password-0\" class=\"frm_forms with_frm_style  frm_style_formidable-style\">\n\n\t<form id=\"lostpasswordform_0\" action=\"https:\/\/energie.pt\/wp-login.php?action=lostpassword\" method=\"post\" class=\"frm-show-form\">\n\n\t\t\n\t\t<div class=\"frm_form_fields\">\n\t\t\t<fieldset>\n\n\t\t\t\t<div class=\"frm_description\">\n\t\t\t\t\t<p>Favor de ingresar tu nombre de usuario o correo electr\u00f3nico. Recibir\u00e1s un enlace para crear una contrase\u00f1a nueva por correo electr\u00f3nico.<\/p>\n\t\t\t\t<\/div>\n\n\t\t\t\t<div class=\"frm_form_field form-field frm_top_container\">\n\t\t\t\t\t<label for=\"user_login_0\" class=\"frm_primary_label\">Nombre de usuario o correo electr\u00f3nico\t\t\t\t\t\t<span class=\"frm_required\">*<\/span>\n\t\t\t\t\t<\/label>\n\t\t\t\t\t<input type=\"text\" id=\"user_login_0\" name=\"user_login\">\n\t\t\t\t<\/div>\n\n\t\t\t\t\t\t<div id=\"cf-turnstile-2047337729\"\r\n\t\tclass=\"cf-turnstile\" data-callback=\"turnstileWPCallback\"\t\tdata-sitekey=\"0x4AAAAAAA5N3QybhBtFsk3E\"\r\n\t\tdata-theme=\"light\"\r\n\t\tdata-language=\"auto\"\r\n\t\tdata-size=\"normal\"\r\n\t\tdata-retry=\"auto\" data-retry-interval=\"1000\"\r\n\t\tdata-action=\"wordpress-reset\"\r\n\t\t\t\tdata-appearance=\"always\"><\/div>\r\n\t\t\t\t<style>-2047337729 { pointer-events: none; opacity: 0.5; }<\/style>\r\n\t\t\t<script>document.addEventListener(\"DOMContentLoaded\",(function(){var e=document.getElementById(\"cf-turnstile-2047337729\");e&&!e.innerHTML.trim()&&(turnstile.remove(\"#cf-turnstile-2047337729\"),turnstile.render(\"#cf-turnstile-2047337729\",{sitekey:\"0x4AAAAAAA5N3QybhBtFsk3E\"}))}));<\/script>\r\n\t\t\t<br class=\"cf-turnstile-br cf-turnstile-br-2047337729\">\r\n\t\t\t\t<style>#cf-turnstile-2047337729 { margin-left: -15px; }<\/style>\r\n\t\t\n\t\t\t\t<div class=\"frm_submit\">\n\t\t\t\t\t<input value=\"Conseguir contrase\u00f1a nueva\" type=\"submit\">\n\t\t\t\t<\/div>\n\n\t\t\t<\/fieldset>\n\t\t<\/div>\n\t<\/form>\n<\/div>\n\r\n<\/div>\n<\/div>\n","protected":false},"excerpt":{"rendered":"","protected":false},"author":12,"featured_media":0,"parent":0,"menu_order":1,"comment_status":"closed","ping_status":"closed","template":"","meta":{"_acf_changed":false,"footnotes":""},"class_list":["post-24994","page","type-page","status-publish","hentry"],"blocksy_meta":{"has_hero_section":"default","hero_section":"type-2","hero_elements":[{"id":"custom_title","enabled":true,"heading_tag":"h1","title":"In\u00edcio","__id":"dNA70i1w1FuSVD4_I3lQT"},{"id":"custom_description","enabled":false,"description_visibility":{"desktop":true,"tablet":true,"mobile":false},"__id":"nXxVHs-O1GBXga0WwLqGt"},{"id":"custom_meta","enabled":false,"meta_elements":[{"id":"author","enabled":true,"label":"Por","has_author_avatar":"yes","avatar_size":25},{"id":"post_date","enabled":true,"label":"Em","date_format_source":"default","date_format":"M j, Y"},{"id":"updated_date","enabled":false,"label":"Em","date_format_source":"default","date_format":"M j, Y"},{"id":"categories","enabled":false,"label":"Em","style":"simple"},{"id":"comments","enabled":true}],"page_meta_elements":{"joined":true,"articles_count":true,"comments":true},"__id":"5dDijJ1oZ7mqBSjpR-57A"},{"id":"breadcrumbs","enabled":false,"__id":"czZU4jAqOFpi7FHCPj85B"},{"id":"content-block","enabled":false,"__id":"HxF_UIncCTamxwqbs7x2M"}],"pageTitleBackground":{"background_type":"image","background_pattern":"type-1","background_image":{"attachment_id":22518,"x":0,"y":0,"url":"https:\/\/energie.pt\/wp-content\/uploads\/2023\/12\/08-1024x374.jpg"},"gradient":"linear-gradient(135deg,rgba(6,147,227,1) 0%,rgb(155,81,224) 100%)","background_repeat":"repeat","background_size":"cover","background_attachment":"scroll","patternColor":{"default":{"color":"#e5e7ea"}},"overlayColor":{"default":{"color":"CT_CSS_SKIP_RULE"}},"backgroundColor":{"default":{"color":"var(--theme-palette-color-6)"}}},"pageTitleOverlay":{"background_type":"color","background_pattern":"type-1","background_image":{"attachment_id":null,"x":0,"y":0},"gradient":"linear-gradient(135deg,rgba(6,147,227,1) 0%,rgb(155,81,224) 100%)","background_repeat":"repeat","background_size":"auto","background_attachment":"scroll","patternColor":{"default":{"color":"#e5e7ea"}},"overlayColor":{"default":{"color":"CT_CSS_SKIP_RULE"}},"backgroundColor":{"default":{"color":"rgba(18, 21, 25, 0.5)"}}},"styles_descriptor":{"styles":{"desktop":"","tablet":"","mobile":""},"google_fonts":[],"version":6},"page_title_bg_type":"color","hero_alignment2":{"desktop":"start","tablet":"start","mobile":"start"},"hero_vertical_alignment":{"desktop":"flex-start","tablet":"flex-start","mobile":"flex-start"},"hero_structure":"normal"},"acf":[],"yoast_head":"<!-- This site is optimized with the Yoast SEO plugin v22.8 - https:\/\/yoast.com\/wordpress\/plugins\/seo\/ -->\r\n<title>Restablecer su contrase\u00f1a - ENERGIE EST, Lda.<\/title>\r\n<meta name=\"robots\" content=\"index, follow, max-snippet:-1, max-image-preview:large, max-video-preview:-1\" \/>\r\n<link rel=\"canonical\" href=\"https:\/\/energie.pt\/es\/recuperar-senha-de-acesso\/\" \/>\r\n<meta property=\"og:locale\" content=\"es_ES\" \/>\r\n<meta property=\"og:type\" content=\"article\" \/>\r\n<meta property=\"og:title\" content=\"Restablecer su contrase\u00f1a - ENERGIE EST, Lda.\" \/>\r\n<meta property=\"og:url\" content=\"https:\/\/energie.pt\/es\/recuperar-senha-de-acesso\/\" \/>\r\n<meta property=\"og:site_name\" content=\"ENERGIE EST, Lda.\" \/>\r\n<meta property=\"article:publisher\" content=\"https:\/\/www.facebook.com\/EnergiePortugalEst\/\" \/>\r\n<meta property=\"article:modified_time\" content=\"2024-05-02T10:52:27+00:00\" \/>\r\n<meta name=\"twitter:card\" content=\"summary_large_image\" \/>\r\n<script type=\"application\/ld+json\" class=\"yoast-schema-graph\">{\"@context\":\"https:\/\/schema.org\",\"@graph\":[{\"@type\":\"WebPage\",\"@id\":\"https:\/\/energie.pt\/es\/recuperar-senha-de-acesso\/\",\"url\":\"https:\/\/energie.pt\/es\/recuperar-senha-de-acesso\/\",\"name\":\"Restablecer su contrase\u00f1a - ENERGIE EST, Lda.\",\"isPartOf\":{\"@id\":\"https:\/\/energie.pt\/es\/#website\"},\"datePublished\":\"2024-02-20T11:06:40+00:00\",\"dateModified\":\"2024-05-02T10:52:27+00:00\",\"breadcrumb\":{\"@id\":\"https:\/\/energie.pt\/es\/recuperar-senha-de-acesso\/#breadcrumb\"},\"inLanguage\":\"es\",\"potentialAction\":[{\"@type\":\"ReadAction\",\"target\":[\"https:\/\/energie.pt\/es\/recuperar-senha-de-acesso\/\"]}]},{\"@type\":\"BreadcrumbList\",\"@id\":\"https:\/\/energie.pt\/es\/recuperar-senha-de-acesso\/#breadcrumb\",\"itemListElement\":[{\"@type\":\"ListItem\",\"position\":1,\"name\":\"P\u00e1gina principal\",\"item\":\"https:\/\/energie.pt\/es\/\"},{\"@type\":\"ListItem\",\"position\":2,\"name\":\"Restablecer su contrase\u00f1a\"}]},{\"@type\":\"WebSite\",\"@id\":\"https:\/\/energie.pt\/es\/#website\",\"url\":\"https:\/\/energie.pt\/es\/\",\"name\":\"ENERGIE\",\"description\":\"Soluciones de Energ\u00eda Solar Termodin\u00e1mica, Climatizaci\u00f3n, Bombas de Calor y ACS\",\"publisher\":{\"@id\":\"https:\/\/energie.pt\/es\/#organization\"},\"alternateName\":\"ENERGIE\",\"potentialAction\":[{\"@type\":\"SearchAction\",\"target\":{\"@type\":\"EntryPoint\",\"urlTemplate\":\"https:\/\/energie.pt\/es\/?s={search_term_string}\"},\"query-input\":\"required name=search_term_string\"}],\"inLanguage\":\"es\"},{\"@type\":\"Organization\",\"@id\":\"https:\/\/energie.pt\/es\/#organization\",\"name\":\"Energie - Thermodynamic Solar Energy\",\"alternateName\":\"Energie\",\"url\":\"https:\/\/energie.pt\/es\/\",\"logo\":{\"@type\":\"ImageObject\",\"inLanguage\":\"es\",\"@id\":\"https:\/\/energie.pt\/es\/#\/schema\/logo\/image\/\",\"url\":\"https:\/\/energie.pt\/wp-content\/uploads\/2021\/06\/logo_energie.svg\",\"contentUrl\":\"https:\/\/energie.pt\/wp-content\/uploads\/2021\/06\/logo_energie.svg\",\"width\":190,\"height\":55,\"caption\":\"Energie - Thermodynamic Solar Energy\"},\"image\":{\"@id\":\"https:\/\/energie.pt\/es\/#\/schema\/logo\/image\/\"},\"sameAs\":[\"https:\/\/www.facebook.com\/EnergiePortugalEst\/\",\"https:\/\/www.instagram.com\/energieportugal\/\",\"https:\/\/www.youtube.com\/channel\/UCnItbF_zm_YZ1tFqzUcVgPQ\",\"https:\/\/www.linkedin.com\/company\/energieportugal\/\"]}]}<\/script>\r\n<!-- \/ Yoast SEO plugin. -->","yoast_head_json":{"title":"Restablecer su contrase\u00f1a - ENERGIE EST, Lda.","robots":{"index":"index","follow":"follow","max-snippet":"max-snippet:-1","max-image-preview":"max-image-preview:large","max-video-preview":"max-video-preview:-1"},"canonical":"https:\/\/energie.pt\/es\/recuperar-senha-de-acesso\/","og_locale":"es_ES","og_type":"article","og_title":"Restablecer su contrase\u00f1a - ENERGIE EST, Lda.","og_url":"https:\/\/energie.pt\/es\/recuperar-senha-de-acesso\/","og_site_name":"ENERGIE EST, Lda.","article_publisher":"https:\/\/www.facebook.com\/EnergiePortugalEst\/","article_modified_time":"2024-05-02T10:52:27+00:00","twitter_card":"summary_large_image","schema":{"@context":"https:\/\/schema.org","@graph":[{"@type":"WebPage","@id":"https:\/\/energie.pt\/es\/recuperar-senha-de-acesso\/","url":"https:\/\/energie.pt\/es\/recuperar-senha-de-acesso\/","name":"Restablecer su contrase\u00f1a - ENERGIE EST, Lda.","isPartOf":{"@id":"https:\/\/energie.pt\/es\/#website"},"datePublished":"2024-02-20T11:06:40+00:00","dateModified":"2024-05-02T10:52:27+00:00","breadcrumb":{"@id":"https:\/\/energie.pt\/es\/recuperar-senha-de-acesso\/#breadcrumb"},"inLanguage":"es","potentialAction":[{"@type":"ReadAction","target":["https:\/\/energie.pt\/es\/recuperar-senha-de-acesso\/"]}]},{"@type":"BreadcrumbList","@id":"https:\/\/energie.pt\/es\/recuperar-senha-de-acesso\/#breadcrumb","itemListElement":[{"@type":"ListItem","position":1,"name":"P\u00e1gina principal","item":"https:\/\/energie.pt\/es\/"},{"@type":"ListItem","position":2,"name":"Restablecer su contrase\u00f1a"}]},{"@type":"WebSite","@id":"https:\/\/energie.pt\/es\/#website","url":"https:\/\/energie.pt\/es\/","name":"ENERGIE","description":"Soluciones de Energ\u00eda Solar Termodin\u00e1mica, Climatizaci\u00f3n, Bombas de Calor y ACS","publisher":{"@id":"https:\/\/energie.pt\/es\/#organization"},"alternateName":"ENERGIE","potentialAction":[{"@type":"SearchAction","target":{"@type":"EntryPoint","urlTemplate":"https:\/\/energie.pt\/es\/?s={search_term_string}"},"query-input":"required name=search_term_string"}],"inLanguage":"es"},{"@type":"Organization","@id":"https:\/\/energie.pt\/es\/#organization","name":"Energie - Thermodynamic Solar Energy","alternateName":"Energie","url":"https:\/\/energie.pt\/es\/","logo":{"@type":"ImageObject","inLanguage":"es","@id":"https:\/\/energie.pt\/es\/#\/schema\/logo\/image\/","url":"https:\/\/energie.pt\/wp-content\/uploads\/2021\/06\/logo_energie.svg","contentUrl":"https:\/\/energie.pt\/wp-content\/uploads\/2021\/06\/logo_energie.svg","width":190,"height":55,"caption":"Energie - Thermodynamic Solar Energy"},"image":{"@id":"https:\/\/energie.pt\/es\/#\/schema\/logo\/image\/"},"sameAs":["https:\/\/www.facebook.com\/EnergiePortugalEst\/","https:\/\/www.instagram.com\/energieportugal\/","https:\/\/www.youtube.com\/channel\/UCnItbF_zm_YZ1tFqzUcVgPQ","https:\/\/www.linkedin.com\/company\/energieportugal\/"]}]}},"_links":{"self":[{"href":"https:\/\/energie.pt\/es\/wp-json\/wp\/v2\/pages\/24994"}],"collection":[{"href":"https:\/\/energie.pt\/es\/wp-json\/wp\/v2\/pages"}],"about":[{"href":"https:\/\/energie.pt\/es\/wp-json\/wp\/v2\/types\/page"}],"author":[{"embeddable":true,"href":"https:\/\/energie.pt\/es\/wp-json\/wp\/v2\/users\/12"}],"replies":[{"embeddable":true,"href":"https:\/\/energie.pt\/es\/wp-json\/wp\/v2\/comments?post=24994"}],"version-history":[{"count":3,"href":"https:\/\/energie.pt\/es\/wp-json\/wp\/v2\/pages\/24994\/revisions"}],"predecessor-version":[{"id":25674,"href":"https:\/\/energie.pt\/es\/wp-json\/wp\/v2\/pages\/24994\/revisions\/25674"}],"wp:attachment":[{"href":"https:\/\/energie.pt\/es\/wp-json\/wp\/v2\/media?parent=24994"}],"curies":[{"name":"wp","href":"https:\/\/api.w.org\/{rel}","templated":true}]}}