{"id":7531,"date":"2022-05-11T17:36:18","date_gmt":"2022-05-11T17:36:18","guid":{"rendered":"https:\/\/energie.pt\/asistencia-tecnica\/"},"modified":"2026-02-24T17:44:43","modified_gmt":"2026-02-24T17:44:43","slug":"asistencia-tecnica","status":"publish","type":"page","link":"https:\/\/energie.pt\/es\/apoyo-al-cliente\/asistencia-tecnica\/","title":{"rendered":"Asistencia t\u00e9cnica"},"content":{"rendered":"\n<h2 class=\"wp-block-heading\" style=\"font-size:clamp(16.293px, 1.018rem + ((1vw - 3.2px) * 0.68), 25px);\">Contamos con varios puntos de asistencia t\u00e9cnica, con cobertura en todo el pa\u00eds.<\/h2>\n\n<p>Los servicios de asistencia t\u00e9cnica son realizados por empresas, nuestros socios, con formaci\u00f3n cualificada de nuestros productos.<\/p>\n\n<p>Para saber qu\u00e9 punto de servicio est\u00e1 m\u00e1s cerca de usted, ya sea para asistencia de garant\u00eda, mantenimiento peri\u00f3dico o preguntas, cont\u00e1ctenos al <a href=\"tel:+351252600230\">+351 252600230<\/a>.<\/p>\n\n<div style=\"height:0px\" aria-hidden=\"true\" class=\"wp-block-spacer\"><\/div>\n\n<div class=\"wp-block-buttons is-layout-flex wp-block-buttons-is-layout-flex\"><\/div>\n\n<p><\/p>\n","protected":false},"excerpt":{"rendered":"<p>Contamos con varios puntos de asistencia t\u00e9cnica, con cobertura en todo el pa\u00eds. Los servicios de asistencia t\u00e9cnica son realizados por empresas, nuestros socios, con formaci\u00f3n cualificada de nuestros productos. Para saber qu\u00e9 punto de servicio est\u00e1 m\u00e1s cerca de usted, ya sea para asistencia de garant\u00eda, mantenimiento peri\u00f3dico o preguntas, cont\u00e1ctenos al +351 252600230.<\/p>\n","protected":false},"author":12,"featured_media":15046,"parent":7994,"menu_order":0,"comment_status":"closed","ping_status":"closed","template":"","meta":{"_acf_changed":false,"footnotes":""},"class_list":["post-7531","page","type-page","status-publish","has-post-thumbnail","hentry"],"blocksy_meta":{"styles_descriptor":{"styles":{"desktop":"","tablet":"","mobile":""},"google_fonts":[],"version":6}},"acf":[],"yoast_head":"<!-- This site is optimized with the Yoast SEO plugin v22.8 - https:\/\/yoast.com\/wordpress\/plugins\/seo\/ -->\r\n<title>Asistencia t\u00e9cnica - ENERGIE EST, Lda.<\/title>\r\n<meta name=\"robots\" content=\"index, follow, max-snippet:-1, max-image-preview:large, max-video-preview:-1\" \/>\r\n<link rel=\"canonical\" href=\"https:\/\/energie.pt\/es\/apoyo-al-cliente\/asistencia-tecnica\/\" \/>\r\n<meta property=\"og:locale\" content=\"es_ES\" \/>\r\n<meta property=\"og:type\" content=\"article\" \/>\r\n<meta property=\"og:title\" content=\"Asistencia t\u00e9cnica - ENERGIE EST, Lda.\" \/>\r\n<meta property=\"og:description\" content=\"Contamos con varios puntos de asistencia t\u00e9cnica, con cobertura en todo el pa\u00eds. Los servicios de asistencia t\u00e9cnica son realizados por empresas, nuestros socios, con formaci\u00f3n cualificada de nuestros productos. Para saber qu\u00e9 punto de servicio est\u00e1 m\u00e1s cerca de usted, ya sea para asistencia de garant\u00eda, mantenimiento peri\u00f3dico o preguntas, cont\u00e1ctenos al +351 252600230.\" \/>\r\n<meta property=\"og:url\" content=\"https:\/\/energie.pt\/es\/apoyo-al-cliente\/asistencia-tecnica\/\" \/>\r\n<meta property=\"og:site_name\" content=\"ENERGIE EST, Lda.\" \/>\r\n<meta property=\"article:publisher\" content=\"https:\/\/www.facebook.com\/EnergiePortugalEst\/\" \/>\r\n<meta property=\"article:modified_time\" content=\"2026-02-24T17:44:43+00:00\" \/>\r\n<meta property=\"og:image\" content=\"https:\/\/energie.pt\/wp-content\/uploads\/2022\/11\/banners_v2-07.jpg\" \/>\r\n\t<meta property=\"og:image:width\" content=\"2000\" \/>\r\n\t<meta property=\"og:image:height\" content=\"641\" \/>\r\n\t<meta property=\"og:image:type\" content=\"image\/jpeg\" \/>\r\n<meta name=\"twitter:card\" content=\"summary_large_image\" \/>\r\n<script type=\"application\/ld+json\" class=\"yoast-schema-graph\">{\"@context\":\"https:\/\/schema.org\",\"@graph\":[{\"@type\":\"WebPage\",\"@id\":\"https:\/\/energie.pt\/es\/apoyo-al-cliente\/asistencia-tecnica\/\",\"url\":\"https:\/\/energie.pt\/es\/apoyo-al-cliente\/asistencia-tecnica\/\",\"name\":\"Asistencia t\u00e9cnica - ENERGIE EST, Lda.\",\"isPartOf\":{\"@id\":\"https:\/\/energie.pt\/es\/#website\"},\"primaryImageOfPage\":{\"@id\":\"https:\/\/energie.pt\/es\/apoyo-al-cliente\/asistencia-tecnica\/#primaryimage\"},\"image\":{\"@id\":\"https:\/\/energie.pt\/es\/apoyo-al-cliente\/asistencia-tecnica\/#primaryimage\"},\"thumbnailUrl\":\"https:\/\/energie.pt\/wp-content\/uploads\/2022\/11\/banners_v2-07.jpg\",\"datePublished\":\"2022-05-11T17:36:18+00:00\",\"dateModified\":\"2026-02-24T17:44:43+00:00\",\"breadcrumb\":{\"@id\":\"https:\/\/energie.pt\/es\/apoyo-al-cliente\/asistencia-tecnica\/#breadcrumb\"},\"inLanguage\":\"es\",\"potentialAction\":[{\"@type\":\"ReadAction\",\"target\":[\"https:\/\/energie.pt\/es\/apoyo-al-cliente\/asistencia-tecnica\/\"]}]},{\"@type\":\"ImageObject\",\"inLanguage\":\"es\",\"@id\":\"https:\/\/energie.pt\/es\/apoyo-al-cliente\/asistencia-tecnica\/#primaryimage\",\"url\":\"https:\/\/energie.pt\/wp-content\/uploads\/2022\/11\/banners_v2-07.jpg\",\"contentUrl\":\"https:\/\/energie.pt\/wp-content\/uploads\/2022\/11\/banners_v2-07.jpg\",\"width\":2000,\"height\":641},{\"@type\":\"BreadcrumbList\",\"@id\":\"https:\/\/energie.pt\/es\/apoyo-al-cliente\/asistencia-tecnica\/#breadcrumb\",\"itemListElement\":[{\"@type\":\"ListItem\",\"position\":1,\"name\":\"P\u00e1gina principal\",\"item\":\"https:\/\/energie.pt\/es\/\"},{\"@type\":\"ListItem\",\"position\":2,\"name\":\"Apoyo al cliente\",\"item\":\"https:\/\/energie.pt\/es\/apoyo-al-cliente\/\"},{\"@type\":\"ListItem\",\"position\":3,\"name\":\"Asistencia t\u00e9cnica\"}]},{\"@type\":\"WebSite\",\"@id\":\"https:\/\/energie.pt\/es\/#website\",\"url\":\"https:\/\/energie.pt\/es\/\",\"name\":\"ENERGIE\",\"description\":\"Soluciones de Energ\u00eda Solar Termodin\u00e1mica, Climatizaci\u00f3n, Bombas de Calor y ACS\",\"publisher\":{\"@id\":\"https:\/\/energie.pt\/es\/#organization\"},\"alternateName\":\"ENERGIE\",\"potentialAction\":[{\"@type\":\"SearchAction\",\"target\":{\"@type\":\"EntryPoint\",\"urlTemplate\":\"https:\/\/energie.pt\/es\/?s={search_term_string}\"},\"query-input\":\"required name=search_term_string\"}],\"inLanguage\":\"es\"},{\"@type\":\"Organization\",\"@id\":\"https:\/\/energie.pt\/es\/#organization\",\"name\":\"Energie - Thermodynamic Solar Energy\",\"alternateName\":\"Energie\",\"url\":\"https:\/\/energie.pt\/es\/\",\"logo\":{\"@type\":\"ImageObject\",\"inLanguage\":\"es\",\"@id\":\"https:\/\/energie.pt\/es\/#\/schema\/logo\/image\/\",\"url\":\"https:\/\/energie.pt\/wp-content\/uploads\/2021\/06\/logo_energie.svg\",\"contentUrl\":\"https:\/\/energie.pt\/wp-content\/uploads\/2021\/06\/logo_energie.svg\",\"width\":190,\"height\":55,\"caption\":\"Energie - Thermodynamic Solar Energy\"},\"image\":{\"@id\":\"https:\/\/energie.pt\/es\/#\/schema\/logo\/image\/\"},\"sameAs\":[\"https:\/\/www.facebook.com\/EnergiePortugalEst\/\",\"https:\/\/www.instagram.com\/energieportugal\/\",\"https:\/\/www.youtube.com\/channel\/UCnItbF_zm_YZ1tFqzUcVgPQ\",\"https:\/\/www.linkedin.com\/company\/energieportugal\/\"]}]}<\/script>\r\n<!-- \/ Yoast SEO plugin. -->","yoast_head_json":{"title":"Asistencia t\u00e9cnica - ENERGIE EST, Lda.","robots":{"index":"index","follow":"follow","max-snippet":"max-snippet:-1","max-image-preview":"max-image-preview:large","max-video-preview":"max-video-preview:-1"},"canonical":"https:\/\/energie.pt\/es\/apoyo-al-cliente\/asistencia-tecnica\/","og_locale":"es_ES","og_type":"article","og_title":"Asistencia t\u00e9cnica - ENERGIE EST, Lda.","og_description":"Contamos con varios puntos de asistencia t\u00e9cnica, con cobertura en todo el pa\u00eds. Los servicios de asistencia t\u00e9cnica son realizados por empresas, nuestros socios, con formaci\u00f3n cualificada de nuestros productos. Para saber qu\u00e9 punto de servicio est\u00e1 m\u00e1s cerca de usted, ya sea para asistencia de garant\u00eda, mantenimiento peri\u00f3dico o preguntas, cont\u00e1ctenos al +351 252600230.","og_url":"https:\/\/energie.pt\/es\/apoyo-al-cliente\/asistencia-tecnica\/","og_site_name":"ENERGIE EST, Lda.","article_publisher":"https:\/\/www.facebook.com\/EnergiePortugalEst\/","article_modified_time":"2026-02-24T17:44:43+00:00","og_image":[{"width":2000,"height":641,"url":"https:\/\/energie.pt\/wp-content\/uploads\/2022\/11\/banners_v2-07.jpg","type":"image\/jpeg"}],"twitter_card":"summary_large_image","schema":{"@context":"https:\/\/schema.org","@graph":[{"@type":"WebPage","@id":"https:\/\/energie.pt\/es\/apoyo-al-cliente\/asistencia-tecnica\/","url":"https:\/\/energie.pt\/es\/apoyo-al-cliente\/asistencia-tecnica\/","name":"Asistencia t\u00e9cnica - ENERGIE EST, Lda.","isPartOf":{"@id":"https:\/\/energie.pt\/es\/#website"},"primaryImageOfPage":{"@id":"https:\/\/energie.pt\/es\/apoyo-al-cliente\/asistencia-tecnica\/#primaryimage"},"image":{"@id":"https:\/\/energie.pt\/es\/apoyo-al-cliente\/asistencia-tecnica\/#primaryimage"},"thumbnailUrl":"https:\/\/energie.pt\/wp-content\/uploads\/2022\/11\/banners_v2-07.jpg","datePublished":"2022-05-11T17:36:18+00:00","dateModified":"2026-02-24T17:44:43+00:00","breadcrumb":{"@id":"https:\/\/energie.pt\/es\/apoyo-al-cliente\/asistencia-tecnica\/#breadcrumb"},"inLanguage":"es","potentialAction":[{"@type":"ReadAction","target":["https:\/\/energie.pt\/es\/apoyo-al-cliente\/asistencia-tecnica\/"]}]},{"@type":"ImageObject","inLanguage":"es","@id":"https:\/\/energie.pt\/es\/apoyo-al-cliente\/asistencia-tecnica\/#primaryimage","url":"https:\/\/energie.pt\/wp-content\/uploads\/2022\/11\/banners_v2-07.jpg","contentUrl":"https:\/\/energie.pt\/wp-content\/uploads\/2022\/11\/banners_v2-07.jpg","width":2000,"height":641},{"@type":"BreadcrumbList","@id":"https:\/\/energie.pt\/es\/apoyo-al-cliente\/asistencia-tecnica\/#breadcrumb","itemListElement":[{"@type":"ListItem","position":1,"name":"P\u00e1gina principal","item":"https:\/\/energie.pt\/es\/"},{"@type":"ListItem","position":2,"name":"Apoyo al cliente","item":"https:\/\/energie.pt\/es\/apoyo-al-cliente\/"},{"@type":"ListItem","position":3,"name":"Asistencia t\u00e9cnica"}]},{"@type":"WebSite","@id":"https:\/\/energie.pt\/es\/#website","url":"https:\/\/energie.pt\/es\/","name":"ENERGIE","description":"Soluciones de Energ\u00eda Solar Termodin\u00e1mica, Climatizaci\u00f3n, Bombas de Calor y ACS","publisher":{"@id":"https:\/\/energie.pt\/es\/#organization"},"alternateName":"ENERGIE","potentialAction":[{"@type":"SearchAction","target":{"@type":"EntryPoint","urlTemplate":"https:\/\/energie.pt\/es\/?s={search_term_string}"},"query-input":"required name=search_term_string"}],"inLanguage":"es"},{"@type":"Organization","@id":"https:\/\/energie.pt\/es\/#organization","name":"Energie - Thermodynamic Solar Energy","alternateName":"Energie","url":"https:\/\/energie.pt\/es\/","logo":{"@type":"ImageObject","inLanguage":"es","@id":"https:\/\/energie.pt\/es\/#\/schema\/logo\/image\/","url":"https:\/\/energie.pt\/wp-content\/uploads\/2021\/06\/logo_energie.svg","contentUrl":"https:\/\/energie.pt\/wp-content\/uploads\/2021\/06\/logo_energie.svg","width":190,"height":55,"caption":"Energie - Thermodynamic Solar Energy"},"image":{"@id":"https:\/\/energie.pt\/es\/#\/schema\/logo\/image\/"},"sameAs":["https:\/\/www.facebook.com\/EnergiePortugalEst\/","https:\/\/www.instagram.com\/energieportugal\/","https:\/\/www.youtube.com\/channel\/UCnItbF_zm_YZ1tFqzUcVgPQ","https:\/\/www.linkedin.com\/company\/energieportugal\/"]}]}},"_links":{"self":[{"href":"https:\/\/energie.pt\/es\/wp-json\/wp\/v2\/pages\/7531"}],"collection":[{"href":"https:\/\/energie.pt\/es\/wp-json\/wp\/v2\/pages"}],"about":[{"href":"https:\/\/energie.pt\/es\/wp-json\/wp\/v2\/types\/page"}],"author":[{"embeddable":true,"href":"https:\/\/energie.pt\/es\/wp-json\/wp\/v2\/users\/12"}],"replies":[{"embeddable":true,"href":"https:\/\/energie.pt\/es\/wp-json\/wp\/v2\/comments?post=7531"}],"version-history":[{"count":7,"href":"https:\/\/energie.pt\/es\/wp-json\/wp\/v2\/pages\/7531\/revisions"}],"predecessor-version":[{"id":34262,"href":"https:\/\/energie.pt\/es\/wp-json\/wp\/v2\/pages\/7531\/revisions\/34262"}],"up":[{"embeddable":true,"href":"https:\/\/energie.pt\/es\/wp-json\/wp\/v2\/pages\/7994"}],"wp:featuredmedia":[{"embeddable":true,"href":"https:\/\/energie.pt\/es\/wp-json\/wp\/v2\/media\/15046"}],"wp:attachment":[{"href":"https:\/\/energie.pt\/es\/wp-json\/wp\/v2\/media?parent=7531"}],"curies":[{"name":"wp","href":"https:\/\/api.w.org\/{rel}","templated":true}]}}