{"id":7603,"date":"2022-05-06T16:46:03","date_gmt":"2022-05-06T16:46:03","guid":{"rendered":"https:\/\/energie.pt\/mundo-energie\/videos\/"},"modified":"2022-11-24T12:23:32","modified_gmt":"2022-11-24T12:23:32","slug":"videos","status":"publish","type":"page","link":"https:\/\/energie.pt\/es\/mundo-energie\/videos\/","title":{"rendered":"V\u00eddeos"},"content":{"rendered":"<div class=\"ct-posts-shortcode\" data-prefix=\"blog\"><div class=\"entries\" data-archive=\"default\" data-layout=\"grid\" data-cards=\"boxed\"  data-hover=\"zoom-in\" ><article class=\"entry-card card-content post-32730 post type-post status-publish format-standard has-post-thumbnail hentry category-mundo-energie category-videos\" data-reveal=\"bottom:no\"><a class=\"ct-media-container boundless-image has-hover-effect\" href=\"https:\/\/energie.pt\/es\/mundo-energie\/videos\/aquapura-monobloc-pro-tapa-superior-epp-r290-en\/\" aria-label=\"AQUAPURA MONOBLOC PRO | TAPA SUPERIOR EPP | R290 | EN\" tabindex=\"-1\"><img decoding=\"async\" width=\"768\" height=\"431\" src=\"https:\/\/energie.pt\/wp-content\/uploads\/2025\/07\/monobloc_2-768x431.png\" class=\"attachment-medium_large size-medium_large wp-post-image\" alt=\"\" loading=\"lazy\" srcset=\"https:\/\/energie.pt\/wp-content\/uploads\/2025\/07\/monobloc_2-768x431.png 768w, https:\/\/energie.pt\/wp-content\/uploads\/2025\/07\/monobloc_2-300x168.png 300w, https:\/\/energie.pt\/wp-content\/uploads\/2025\/07\/monobloc_2-1024x575.png 1024w, https:\/\/energie.pt\/wp-content\/uploads\/2025\/07\/monobloc_2-1536x862.png 1536w, https:\/\/energie.pt\/wp-content\/uploads\/2025\/07\/monobloc_2.png 1919w\" sizes=\"(max-width: 768px) 100vw, 768px\" itemprop=\"image\" style=\"aspect-ratio: 1919\/1077;\" \/><\/a><h6 class=\"entry-title\"><a href=\"https:\/\/energie.pt\/es\/mundo-energie\/videos\/aquapura-monobloc-pro-tapa-superior-epp-r290-en\/\" rel=\"bookmark\">AQUAPURA MONOBLOC PRO | TAPA SUPERIOR EPP | R290 | EN<\/a><\/h6><div class=\"entry-excerpt\">AQUAPURA MONOBLOC PRO UN EQUIPO RESPETUOSO CON EL MEDIO AMBIENTE PARA AGUA CALIENTE<\/div><a class=\"entry-button\" href=\"https:\/\/energie.pt\/es\/mundo-energie\/videos\/aquapura-monobloc-pro-tapa-superior-epp-r290-en\/\">Lee mas<svg width=\"17px\" height=\"17px\" viewBox=\"0 0 32 32\" fill=\"currentColor\"><path d=\"M 21.1875 9.28125 L 19.78125 10.71875 L 24.0625 15 L 4 15 L 4 17 L 24.0625 17 L 19.78125 21.28125 L 21.1875 22.71875 L 27.90625 16 Z \"><\/path><\/svg><span class=\"screen-reader-text\">AQUAPURA MONOBLOC PRO | TAPA SUPERIOR EPP | R290 | EN<\/span><\/a><\/article><article class=\"entry-card card-content post-31890 post type-post status-publish format-standard has-post-thumbnail hentry category-mundo-energie category-videos\" data-reveal=\"bottom:no\"><a class=\"ct-media-container boundless-image has-hover-effect\" href=\"https:\/\/energie.pt\/es\/mundo-energie\/aquapura-monobloc-pro-lo-que-hay-que-saber-pt-en\/\" aria-label=\"AQUAPURA MONOBLOC PRO | LO QUE HAY QUE SABER PT\/EN\" tabindex=\"-1\"><img decoding=\"async\" width=\"768\" height=\"431\" src=\"https:\/\/energie.pt\/wp-content\/uploads\/2025\/07\/monobloco_pro_QUEPRECISA-768x431.jpg\" class=\"attachment-medium_large size-medium_large wp-post-image\" alt=\"\" loading=\"lazy\" srcset=\"https:\/\/energie.pt\/wp-content\/uploads\/2025\/07\/monobloco_pro_QUEPRECISA-768x431.jpg 768w, https:\/\/energie.pt\/wp-content\/uploads\/2025\/07\/monobloco_pro_QUEPRECISA-300x168.jpg 300w, https:\/\/energie.pt\/wp-content\/uploads\/2025\/07\/monobloco_pro_QUEPRECISA-1024x575.jpg 1024w, https:\/\/energie.pt\/wp-content\/uploads\/2025\/07\/monobloco_pro_QUEPRECISA-1536x862.jpg 1536w, https:\/\/energie.pt\/wp-content\/uploads\/2025\/07\/monobloco_pro_QUEPRECISA.jpg 1919w\" sizes=\"(max-width: 768px) 100vw, 768px\" itemprop=\"image\" style=\"aspect-ratio: 1919\/1077;\" \/><\/a><h6 class=\"entry-title\"><a href=\"https:\/\/energie.pt\/es\/mundo-energie\/aquapura-monobloc-pro-lo-que-hay-que-saber-pt-en\/\" rel=\"bookmark\">AQUAPURA MONOBLOC PRO | LO QUE HAY QUE SABER PT\/EN<\/a><\/h6><div class=\"entry-excerpt\">AQUAPURA MONOBLOC PRO | LO QUE HAY QUE SABER<\/div><a class=\"entry-button\" href=\"https:\/\/energie.pt\/es\/mundo-energie\/aquapura-monobloc-pro-lo-que-hay-que-saber-pt-en\/\">Lee mas<svg width=\"17px\" height=\"17px\" viewBox=\"0 0 32 32\" fill=\"currentColor\"><path d=\"M 21.1875 9.28125 L 19.78125 10.71875 L 24.0625 15 L 4 15 L 4 17 L 24.0625 17 L 19.78125 21.28125 L 21.1875 22.71875 L 27.90625 16 Z \"><\/path><\/svg><span class=\"screen-reader-text\">AQUAPURA MONOBLOC PRO | LO QUE HAY QUE SABER PT\/EN<\/span><\/a><\/article><article class=\"entry-card card-content post-31875 post type-post status-publish format-standard has-post-thumbnail hentry category-mundo-energie category-videos\" data-reveal=\"bottom:no\"><a class=\"ct-media-container boundless-image has-hover-effect\" href=\"https:\/\/energie.pt\/es\/mundo-energie\/aquapura-monobloc-pro-wi-fi-pt-en\/\" aria-label=\"AQUAPURA MONOBLOC PRO | WI-FI PT\/EN\" tabindex=\"-1\"><img decoding=\"async\" width=\"768\" height=\"431\" src=\"https:\/\/energie.pt\/wp-content\/uploads\/2025\/07\/monobloco_pro_wifi-768x431.jpg\" class=\"attachment-medium_large size-medium_large wp-post-image\" alt=\"\" loading=\"lazy\" srcset=\"https:\/\/energie.pt\/wp-content\/uploads\/2025\/07\/monobloco_pro_wifi-768x431.jpg 768w, https:\/\/energie.pt\/wp-content\/uploads\/2025\/07\/monobloco_pro_wifi-300x168.jpg 300w, https:\/\/energie.pt\/wp-content\/uploads\/2025\/07\/monobloco_pro_wifi-1024x575.jpg 1024w, https:\/\/energie.pt\/wp-content\/uploads\/2025\/07\/monobloco_pro_wifi-1536x862.jpg 1536w, https:\/\/energie.pt\/wp-content\/uploads\/2025\/07\/monobloco_pro_wifi.jpg 1919w\" sizes=\"(max-width: 768px) 100vw, 768px\" itemprop=\"image\" style=\"aspect-ratio: 1919\/1077;\" \/><\/a><h6 class=\"entry-title\"><a href=\"https:\/\/energie.pt\/es\/mundo-energie\/aquapura-monobloc-pro-wi-fi-pt-en\/\" rel=\"bookmark\">AQUAPURA MONOBLOC PRO | WI-FI PT\/EN<\/a><\/h6><div class=\"entry-excerpt\">AQUAPURA MONOBLOC PRO | WI-FI<\/div><a class=\"entry-button\" href=\"https:\/\/energie.pt\/es\/mundo-energie\/aquapura-monobloc-pro-wi-fi-pt-en\/\">Lee mas<svg width=\"17px\" height=\"17px\" viewBox=\"0 0 32 32\" fill=\"currentColor\"><path d=\"M 21.1875 9.28125 L 19.78125 10.71875 L 24.0625 15 L 4 15 L 4 17 L 24.0625 17 L 19.78125 21.28125 L 21.1875 22.71875 L 27.90625 16 Z \"><\/path><\/svg><span class=\"screen-reader-text\">AQUAPURA MONOBLOC PRO | WI-FI PT\/EN<\/span><\/a><\/article><article class=\"entry-card card-content post-31860 post type-post status-publish format-standard has-post-thumbnail hentry category-mundo-energie category-videos\" data-reveal=\"bottom:no\"><a class=\"ct-media-container boundless-image has-hover-effect\" href=\"https:\/\/energie.pt\/es\/mundo-energie\/aquapura-monobloc-pro-capacete-pt-en\/\" aria-label=\"AQUAPURA MONOBLOC PRO | CAPACETE PT\/EN\" tabindex=\"-1\"><img decoding=\"async\" width=\"768\" height=\"431\" src=\"https:\/\/energie.pt\/wp-content\/uploads\/2025\/07\/monobloco_pro_capacete-768x431.jpg\" class=\"attachment-medium_large size-medium_large wp-post-image\" alt=\"\" loading=\"lazy\" srcset=\"https:\/\/energie.pt\/wp-content\/uploads\/2025\/07\/monobloco_pro_capacete-768x431.jpg 768w, https:\/\/energie.pt\/wp-content\/uploads\/2025\/07\/monobloco_pro_capacete-300x168.jpg 300w, https:\/\/energie.pt\/wp-content\/uploads\/2025\/07\/monobloco_pro_capacete-1024x575.jpg 1024w, https:\/\/energie.pt\/wp-content\/uploads\/2025\/07\/monobloco_pro_capacete-1536x862.jpg 1536w, https:\/\/energie.pt\/wp-content\/uploads\/2025\/07\/monobloco_pro_capacete.jpg 1919w\" sizes=\"(max-width: 768px) 100vw, 768px\" itemprop=\"image\" style=\"aspect-ratio: 1919\/1077;\" \/><\/a><h6 class=\"entry-title\"><a href=\"https:\/\/energie.pt\/es\/mundo-energie\/aquapura-monobloc-pro-capacete-pt-en\/\" rel=\"bookmark\">AQUAPURA MONOBLOC PRO | CAPACETE PT\/EN<\/a><\/h6><div class=\"entry-excerpt\">AQUAPURA MONOBLOC PRO | CASCO<\/div><a class=\"entry-button\" href=\"https:\/\/energie.pt\/es\/mundo-energie\/aquapura-monobloc-pro-capacete-pt-en\/\">Lee mas<svg width=\"17px\" height=\"17px\" viewBox=\"0 0 32 32\" fill=\"currentColor\"><path d=\"M 21.1875 9.28125 L 19.78125 10.71875 L 24.0625 15 L 4 15 L 4 17 L 24.0625 17 L 19.78125 21.28125 L 21.1875 22.71875 L 27.90625 16 Z \"><\/path><\/svg><span class=\"screen-reader-text\">AQUAPURA MONOBLOC PRO | CAPACETE PT\/EN<\/span><\/a><\/article><article class=\"entry-card card-content post-31840 post type-post status-publish format-standard has-post-thumbnail hentry category-mundo-energie category-videos\" data-reveal=\"bottom:no\"><a class=\"ct-media-container boundless-image has-hover-effect\" href=\"https:\/\/energie.pt\/es\/mundo-energie\/aquapura-monobloc-pro-display-pt-en\/\" aria-label=\"AQUAPURA MONOBLOC PRO | DISPLAY | PT\/EN\" tabindex=\"-1\"><img decoding=\"async\" width=\"768\" height=\"431\" src=\"https:\/\/energie.pt\/wp-content\/uploads\/2025\/07\/monobloco_pro_display-768x431.jpg\" class=\"attachment-medium_large size-medium_large wp-post-image\" alt=\"\" loading=\"lazy\" srcset=\"https:\/\/energie.pt\/wp-content\/uploads\/2025\/07\/monobloco_pro_display-768x431.jpg 768w, https:\/\/energie.pt\/wp-content\/uploads\/2025\/07\/monobloco_pro_display-300x168.jpg 300w, https:\/\/energie.pt\/wp-content\/uploads\/2025\/07\/monobloco_pro_display-1024x575.jpg 1024w, https:\/\/energie.pt\/wp-content\/uploads\/2025\/07\/monobloco_pro_display-1536x862.jpg 1536w, https:\/\/energie.pt\/wp-content\/uploads\/2025\/07\/monobloco_pro_display.jpg 1919w\" sizes=\"(max-width: 768px) 100vw, 768px\" itemprop=\"image\" style=\"aspect-ratio: 1919\/1077;\" \/><\/a><h6 class=\"entry-title\"><a href=\"https:\/\/energie.pt\/es\/mundo-energie\/aquapura-monobloc-pro-display-pt-en\/\" rel=\"bookmark\">AQUAPURA MONOBLOC PRO | DISPLAY | PT\/EN<\/a><\/h6><div class=\"entry-excerpt\">AQUAPURA MONOBLOC PRO | DISPLAY<\/div><a class=\"entry-button\" href=\"https:\/\/energie.pt\/es\/mundo-energie\/aquapura-monobloc-pro-display-pt-en\/\">Lee mas<svg width=\"17px\" height=\"17px\" viewBox=\"0 0 32 32\" fill=\"currentColor\"><path d=\"M 21.1875 9.28125 L 19.78125 10.71875 L 24.0625 15 L 4 15 L 4 17 L 24.0625 17 L 19.78125 21.28125 L 21.1875 22.71875 L 27.90625 16 Z \"><\/path><\/svg><span class=\"screen-reader-text\">AQUAPURA MONOBLOC PRO | DISPLAY | PT\/EN<\/span><\/a><\/article><article class=\"entry-card card-content post-20944 post type-post status-publish format-standard has-post-thumbnail hentry category-mundo-energie category-videos\" data-reveal=\"bottom:no\"><a class=\"ct-media-container boundless-image has-hover-effect\" href=\"https:\/\/energie.pt\/es\/mundo-energie\/videos\/bomba-de-calor-aquapura-monobloc-energie\/\" aria-label=\"BOMBA DE CALOR AQUAPURA MONOBLOC ENERGIE\" tabindex=\"-1\"><img decoding=\"async\" width=\"320\" height=\"180\" src=\"https:\/\/energie.pt\/wp-content\/uploads\/2022\/05\/Bomba_Calor_Aquapura_Monobloc_energie.jpg\" class=\"attachment-medium_large size-medium_large wp-post-image\" alt=\"\" loading=\"lazy\" srcset=\"https:\/\/energie.pt\/wp-content\/uploads\/2022\/05\/Bomba_Calor_Aquapura_Monobloc_energie.jpg 320w, https:\/\/energie.pt\/wp-content\/uploads\/2022\/05\/Bomba_Calor_Aquapura_Monobloc_energie-300x169.jpg 300w\" sizes=\"(max-width: 320px) 100vw, 320px\" itemprop=\"image\" style=\"aspect-ratio: 16\/9;\" \/><\/a><h6 class=\"entry-title\"><a href=\"https:\/\/energie.pt\/es\/mundo-energie\/videos\/bomba-de-calor-aquapura-monobloc-energie\/\" rel=\"bookmark\">BOMBA DE CALOR AQUAPURA MONOBLOC ENERGIE<\/a><\/h6><div class=\"entry-excerpt\">AQUAPURA MONOBLOC ENERGIE<\/div><a class=\"entry-button\" href=\"https:\/\/energie.pt\/es\/mundo-energie\/videos\/bomba-de-calor-aquapura-monobloc-energie\/\">Lee mas<svg width=\"17px\" height=\"17px\" viewBox=\"0 0 32 32\" fill=\"currentColor\"><path d=\"M 21.1875 9.28125 L 19.78125 10.71875 L 24.0625 15 L 4 15 L 4 17 L 24.0625 17 L 19.78125 21.28125 L 21.1875 22.71875 L 27.90625 16 Z \"><\/path><\/svg><span class=\"screen-reader-text\">BOMBA DE CALOR AQUAPURA MONOBLOC ENERGIE<\/span><\/a><\/article><\/div>\n\t\t<nav class=\"ct-pagination\" data-pagination=\"simple\" data-divider >\n\t\t\t<div class=\"ct-hidden-sm\"><span aria-current=\"page\" class=\"page-numbers current\">1<\/span>\n<a class=\"page-numbers\" href=\"https:\/\/energie.pt\/es\/wp-json\/wp\/v2\/pages\/7603\/page\/2\/\">2<\/a>\n<a class=\"page-numbers\" href=\"https:\/\/energie.pt\/es\/wp-json\/wp\/v2\/pages\/7603\/page\/3\/\">3<\/a>\n<a class=\"page-numbers\" href=\"https:\/\/energie.pt\/es\/wp-json\/wp\/v2\/pages\/7603\/page\/4\/\">4<\/a>\n<span class=\"page-numbers dots\">&hellip;<\/span>\n<a class=\"page-numbers\" href=\"https:\/\/energie.pt\/es\/wp-json\/wp\/v2\/pages\/7603\/page\/8\/\">8<\/a><\/div><a class=\"next page-numbers\" rel=\"next\" href=\"https:\/\/energie.pt\/es\/wp-json\/wp\/v2\/pages\/7603\/page\/2\/\">Siguiente <svg width=\"9px\" height=\"9px\" viewBox=\"0 0 15 15\" fill=\"currentColor\"><path d=\"M4.1,15c0.2,0,0.4-0.1,0.6-0.2L11.4,8c0.3-0.3,0.3-0.8,0-1.1L4.8,0.2C4.5-0.1,4-0.1,3.7,0.2C3.4,0.5,3.4,1,3.7,1.3l6.1,6.1l-6.2,6.2c-0.3,0.3-0.3,0.8,0,1.1C3.7,14.9,3.9,15,4.1,15z\"\/><\/svg><\/a>\n\t\t\t\n\t\t<\/nav><\/div>\n\n\n\n<p><\/p>\n","protected":false},"excerpt":{"rendered":"","protected":false},"author":12,"featured_media":15026,"parent":7588,"menu_order":0,"comment_status":"closed","ping_status":"closed","template":"","meta":{"_acf_changed":false,"footnotes":""},"class_list":["post-7603","page","type-page","status-publish","has-post-thumbnail","hentry"],"blocksy_meta":{"styles_descriptor":{"styles":{"desktop":"","tablet":"","mobile":""},"google_fonts":[],"version":6}},"acf":[],"yoast_head":"<!-- This site is optimized with the Yoast SEO plugin v22.8 - https:\/\/yoast.com\/wordpress\/plugins\/seo\/ -->\r\n<title>V\u00eddeos - ENERGIE EST, Lda.<\/title>\r\n<meta name=\"robots\" content=\"index, follow, max-snippet:-1, max-image-preview:large, max-video-preview:-1\" \/>\r\n<link rel=\"canonical\" href=\"https:\/\/energie.pt\/es\/mundo-energie\/videos\/\" \/>\r\n<meta property=\"og:locale\" content=\"es_ES\" \/>\r\n<meta property=\"og:type\" content=\"article\" \/>\r\n<meta property=\"og:title\" content=\"V\u00eddeos - ENERGIE EST, Lda.\" \/>\r\n<meta property=\"og:url\" content=\"https:\/\/energie.pt\/es\/mundo-energie\/videos\/\" \/>\r\n<meta property=\"og:site_name\" content=\"ENERGIE EST, Lda.\" \/>\r\n<meta property=\"article:publisher\" content=\"https:\/\/www.facebook.com\/EnergiePortugalEst\/\" \/>\r\n<meta property=\"article:modified_time\" content=\"2022-11-24T12:23:32+00:00\" \/>\r\n<meta property=\"og:image\" content=\"https:\/\/energie.pt\/wp-content\/uploads\/2022\/11\/banners_v2-03.jpg\" \/>\r\n\t<meta property=\"og:image:width\" content=\"2000\" \/>\r\n\t<meta property=\"og:image:height\" content=\"641\" \/>\r\n\t<meta property=\"og:image:type\" content=\"image\/jpeg\" \/>\r\n<meta name=\"twitter:card\" content=\"summary_large_image\" \/>\r\n<script type=\"application\/ld+json\" class=\"yoast-schema-graph\">{\"@context\":\"https:\/\/schema.org\",\"@graph\":[{\"@type\":\"WebPage\",\"@id\":\"https:\/\/energie.pt\/es\/mundo-energie\/videos\/\",\"url\":\"https:\/\/energie.pt\/es\/mundo-energie\/videos\/\",\"name\":\"V\u00eddeos - ENERGIE EST, Lda.\",\"isPartOf\":{\"@id\":\"https:\/\/energie.pt\/es\/#website\"},\"primaryImageOfPage\":{\"@id\":\"https:\/\/energie.pt\/es\/mundo-energie\/videos\/#primaryimage\"},\"image\":{\"@id\":\"https:\/\/energie.pt\/es\/mundo-energie\/videos\/#primaryimage\"},\"thumbnailUrl\":\"https:\/\/energie.pt\/wp-content\/uploads\/2022\/11\/banners_v2-03.jpg\",\"datePublished\":\"2022-05-06T16:46:03+00:00\",\"dateModified\":\"2022-11-24T12:23:32+00:00\",\"breadcrumb\":{\"@id\":\"https:\/\/energie.pt\/es\/mundo-energie\/videos\/#breadcrumb\"},\"inLanguage\":\"es\",\"potentialAction\":[{\"@type\":\"ReadAction\",\"target\":[\"https:\/\/energie.pt\/es\/mundo-energie\/videos\/\"]}]},{\"@type\":\"ImageObject\",\"inLanguage\":\"es\",\"@id\":\"https:\/\/energie.pt\/es\/mundo-energie\/videos\/#primaryimage\",\"url\":\"https:\/\/energie.pt\/wp-content\/uploads\/2022\/11\/banners_v2-03.jpg\",\"contentUrl\":\"https:\/\/energie.pt\/wp-content\/uploads\/2022\/11\/banners_v2-03.jpg\",\"width\":2000,\"height\":641},{\"@type\":\"BreadcrumbList\",\"@id\":\"https:\/\/energie.pt\/es\/mundo-energie\/videos\/#breadcrumb\",\"itemListElement\":[{\"@type\":\"ListItem\",\"position\":1,\"name\":\"P\u00e1gina principal\",\"item\":\"https:\/\/energie.pt\/es\/\"},{\"@type\":\"ListItem\",\"position\":2,\"name\":\"Mundo Energie\",\"item\":\"https:\/\/energie.pt\/es\/mundo-energie\/\"},{\"@type\":\"ListItem\",\"position\":3,\"name\":\"V\u00eddeos\"}]},{\"@type\":\"WebSite\",\"@id\":\"https:\/\/energie.pt\/es\/#website\",\"url\":\"https:\/\/energie.pt\/es\/\",\"name\":\"ENERGIE\",\"description\":\"Soluciones de Energ\u00eda Solar Termodin\u00e1mica, Climatizaci\u00f3n, Bombas de Calor y ACS\",\"publisher\":{\"@id\":\"https:\/\/energie.pt\/es\/#organization\"},\"alternateName\":\"ENERGIE\",\"potentialAction\":[{\"@type\":\"SearchAction\",\"target\":{\"@type\":\"EntryPoint\",\"urlTemplate\":\"https:\/\/energie.pt\/es\/?s={search_term_string}\"},\"query-input\":\"required name=search_term_string\"}],\"inLanguage\":\"es\"},{\"@type\":\"Organization\",\"@id\":\"https:\/\/energie.pt\/es\/#organization\",\"name\":\"Energie - Thermodynamic Solar Energy\",\"alternateName\":\"Energie\",\"url\":\"https:\/\/energie.pt\/es\/\",\"logo\":{\"@type\":\"ImageObject\",\"inLanguage\":\"es\",\"@id\":\"https:\/\/energie.pt\/es\/#\/schema\/logo\/image\/\",\"url\":\"https:\/\/energie.pt\/wp-content\/uploads\/2021\/06\/logo_energie.svg\",\"contentUrl\":\"https:\/\/energie.pt\/wp-content\/uploads\/2021\/06\/logo_energie.svg\",\"width\":190,\"height\":55,\"caption\":\"Energie - Thermodynamic Solar Energy\"},\"image\":{\"@id\":\"https:\/\/energie.pt\/es\/#\/schema\/logo\/image\/\"},\"sameAs\":[\"https:\/\/www.facebook.com\/EnergiePortugalEst\/\",\"https:\/\/www.instagram.com\/energieportugal\/\",\"https:\/\/www.youtube.com\/channel\/UCnItbF_zm_YZ1tFqzUcVgPQ\",\"https:\/\/www.linkedin.com\/company\/energieportugal\/\"]}]}<\/script>\r\n<!-- \/ Yoast SEO plugin. -->","yoast_head_json":{"title":"V\u00eddeos - ENERGIE EST, Lda.","robots":{"index":"index","follow":"follow","max-snippet":"max-snippet:-1","max-image-preview":"max-image-preview:large","max-video-preview":"max-video-preview:-1"},"canonical":"https:\/\/energie.pt\/es\/mundo-energie\/videos\/","og_locale":"es_ES","og_type":"article","og_title":"V\u00eddeos - ENERGIE EST, Lda.","og_url":"https:\/\/energie.pt\/es\/mundo-energie\/videos\/","og_site_name":"ENERGIE EST, Lda.","article_publisher":"https:\/\/www.facebook.com\/EnergiePortugalEst\/","article_modified_time":"2022-11-24T12:23:32+00:00","og_image":[{"width":2000,"height":641,"url":"https:\/\/energie.pt\/wp-content\/uploads\/2022\/11\/banners_v2-03.jpg","type":"image\/jpeg"}],"twitter_card":"summary_large_image","schema":{"@context":"https:\/\/schema.org","@graph":[{"@type":"WebPage","@id":"https:\/\/energie.pt\/es\/mundo-energie\/videos\/","url":"https:\/\/energie.pt\/es\/mundo-energie\/videos\/","name":"V\u00eddeos - ENERGIE EST, Lda.","isPartOf":{"@id":"https:\/\/energie.pt\/es\/#website"},"primaryImageOfPage":{"@id":"https:\/\/energie.pt\/es\/mundo-energie\/videos\/#primaryimage"},"image":{"@id":"https:\/\/energie.pt\/es\/mundo-energie\/videos\/#primaryimage"},"thumbnailUrl":"https:\/\/energie.pt\/wp-content\/uploads\/2022\/11\/banners_v2-03.jpg","datePublished":"2022-05-06T16:46:03+00:00","dateModified":"2022-11-24T12:23:32+00:00","breadcrumb":{"@id":"https:\/\/energie.pt\/es\/mundo-energie\/videos\/#breadcrumb"},"inLanguage":"es","potentialAction":[{"@type":"ReadAction","target":["https:\/\/energie.pt\/es\/mundo-energie\/videos\/"]}]},{"@type":"ImageObject","inLanguage":"es","@id":"https:\/\/energie.pt\/es\/mundo-energie\/videos\/#primaryimage","url":"https:\/\/energie.pt\/wp-content\/uploads\/2022\/11\/banners_v2-03.jpg","contentUrl":"https:\/\/energie.pt\/wp-content\/uploads\/2022\/11\/banners_v2-03.jpg","width":2000,"height":641},{"@type":"BreadcrumbList","@id":"https:\/\/energie.pt\/es\/mundo-energie\/videos\/#breadcrumb","itemListElement":[{"@type":"ListItem","position":1,"name":"P\u00e1gina principal","item":"https:\/\/energie.pt\/es\/"},{"@type":"ListItem","position":2,"name":"Mundo Energie","item":"https:\/\/energie.pt\/es\/mundo-energie\/"},{"@type":"ListItem","position":3,"name":"V\u00eddeos"}]},{"@type":"WebSite","@id":"https:\/\/energie.pt\/es\/#website","url":"https:\/\/energie.pt\/es\/","name":"ENERGIE","description":"Soluciones de Energ\u00eda Solar Termodin\u00e1mica, Climatizaci\u00f3n, Bombas de Calor y ACS","publisher":{"@id":"https:\/\/energie.pt\/es\/#organization"},"alternateName":"ENERGIE","potentialAction":[{"@type":"SearchAction","target":{"@type":"EntryPoint","urlTemplate":"https:\/\/energie.pt\/es\/?s={search_term_string}"},"query-input":"required name=search_term_string"}],"inLanguage":"es"},{"@type":"Organization","@id":"https:\/\/energie.pt\/es\/#organization","name":"Energie - Thermodynamic Solar Energy","alternateName":"Energie","url":"https:\/\/energie.pt\/es\/","logo":{"@type":"ImageObject","inLanguage":"es","@id":"https:\/\/energie.pt\/es\/#\/schema\/logo\/image\/","url":"https:\/\/energie.pt\/wp-content\/uploads\/2021\/06\/logo_energie.svg","contentUrl":"https:\/\/energie.pt\/wp-content\/uploads\/2021\/06\/logo_energie.svg","width":190,"height":55,"caption":"Energie - Thermodynamic Solar Energy"},"image":{"@id":"https:\/\/energie.pt\/es\/#\/schema\/logo\/image\/"},"sameAs":["https:\/\/www.facebook.com\/EnergiePortugalEst\/","https:\/\/www.instagram.com\/energieportugal\/","https:\/\/www.youtube.com\/channel\/UCnItbF_zm_YZ1tFqzUcVgPQ","https:\/\/www.linkedin.com\/company\/energieportugal\/"]}]}},"_links":{"self":[{"href":"https:\/\/energie.pt\/es\/wp-json\/wp\/v2\/pages\/7603"}],"collection":[{"href":"https:\/\/energie.pt\/es\/wp-json\/wp\/v2\/pages"}],"about":[{"href":"https:\/\/energie.pt\/es\/wp-json\/wp\/v2\/types\/page"}],"author":[{"embeddable":true,"href":"https:\/\/energie.pt\/es\/wp-json\/wp\/v2\/users\/12"}],"replies":[{"embeddable":true,"href":"https:\/\/energie.pt\/es\/wp-json\/wp\/v2\/comments?post=7603"}],"version-history":[{"count":0,"href":"https:\/\/energie.pt\/es\/wp-json\/wp\/v2\/pages\/7603\/revisions"}],"up":[{"embeddable":true,"href":"https:\/\/energie.pt\/es\/wp-json\/wp\/v2\/pages\/7588"}],"wp:featuredmedia":[{"embeddable":true,"href":"https:\/\/energie.pt\/es\/wp-json\/wp\/v2\/media\/15026"}],"wp:attachment":[{"href":"https:\/\/energie.pt\/es\/wp-json\/wp\/v2\/media?parent=7603"}],"curies":[{"name":"wp","href":"https:\/\/api.w.org\/{rel}","templated":true}]}}