{"id":7527,"date":"2022-05-11T17:36:18","date_gmt":"2022-05-11T17:36:18","guid":{"rendered":"https:\/\/energie.pt\/assistance-technique\/"},"modified":"2026-02-24T17:43:26","modified_gmt":"2026-02-24T17:43:26","slug":"assistance-technique","status":"publish","type":"page","link":"https:\/\/energie.pt\/fr\/assistance-clientele\/assistance-technique\/","title":{"rendered":"Assistance technique"},"content":{"rendered":"\n<h2 class=\"wp-block-heading\" style=\"font-size:clamp(16.293px, 1.018rem + ((1vw - 3.2px) * 0.68), 25px);\">Nous avons plusieurs points d&rsquo;assistance technique, avec une couverture dans tout le pays.<\/h2>\n\n<p>Les prestations d&rsquo;assistance technique sont r\u00e9alis\u00e9es par des entreprises, nos partenaires, avec une formation qualifi\u00e9e sur nos produits.<\/p>\n\n<p>Pour savoir quel point de service est le plus proche de chez vous, que ce soit pour une assistance sous garantie, un entretien p\u00e9riodique ou des questions, contactez-nous au <a href=\"tel:+351252600230\">+351 252600230<\/a>.<\/p>\n\n<div style=\"height:0px\" aria-hidden=\"true\" class=\"wp-block-spacer\"><\/div>\n\n<div class=\"wp-block-buttons is-layout-flex wp-block-buttons-is-layout-flex\"><\/div>\n\n<p><\/p>\n","protected":false},"excerpt":{"rendered":"<p>Nous avons plusieurs points d&rsquo;assistance technique, avec une couverture dans tout le pays. Les prestations d&rsquo;assistance technique sont r\u00e9alis\u00e9es par des entreprises, nos partenaires, avec une formation qualifi\u00e9e sur nos produits. Pour savoir quel point de service est le plus proche de chez vous, que ce soit pour une assistance sous garantie, un entretien p\u00e9riodique [&hellip;]<\/p>\n","protected":false},"author":12,"featured_media":15044,"parent":7990,"menu_order":0,"comment_status":"closed","ping_status":"closed","template":"","meta":{"_acf_changed":false,"footnotes":""},"class_list":["post-7527","page","type-page","status-publish","has-post-thumbnail","hentry"],"blocksy_meta":{"styles_descriptor":{"styles":{"desktop":"","tablet":"","mobile":""},"google_fonts":[],"version":6}},"acf":[],"yoast_head":"<!-- This site is optimized with the Yoast SEO plugin v22.8 - https:\/\/yoast.com\/wordpress\/plugins\/seo\/ -->\r\n<title>Assistance technique - ENERGIE EST, Lda.<\/title>\r\n<meta name=\"robots\" content=\"index, follow, max-snippet:-1, max-image-preview:large, max-video-preview:-1\" \/>\r\n<link rel=\"canonical\" href=\"https:\/\/energie.pt\/fr\/assistance-clientele\/assistance-technique\/\" \/>\r\n<meta property=\"og:locale\" content=\"fr_FR\" \/>\r\n<meta property=\"og:type\" content=\"article\" \/>\r\n<meta property=\"og:title\" content=\"Assistance technique - ENERGIE EST, Lda.\" \/>\r\n<meta property=\"og:description\" content=\"Nous avons plusieurs points d&rsquo;assistance technique, avec une couverture dans tout le pays. Les prestations d&rsquo;assistance technique sont r\u00e9alis\u00e9es par des entreprises, nos partenaires, avec une formation qualifi\u00e9e sur nos produits. Pour savoir quel point de service est le plus proche de chez vous, que ce soit pour une assistance sous garantie, un entretien p\u00e9riodique [&hellip;]\" \/>\r\n<meta property=\"og:url\" content=\"https:\/\/energie.pt\/fr\/assistance-clientele\/assistance-technique\/\" \/>\r\n<meta property=\"og:site_name\" content=\"ENERGIE EST, Lda.\" \/>\r\n<meta property=\"article:publisher\" content=\"https:\/\/www.facebook.com\/EnergiePortugalEst\/\" \/>\r\n<meta property=\"article:modified_time\" content=\"2026-02-24T17:43:26+00:00\" \/>\r\n<meta property=\"og:image\" content=\"https:\/\/energie.pt\/wp-content\/uploads\/2022\/11\/banners_v2-07.jpg\" \/>\r\n\t<meta property=\"og:image:width\" content=\"2000\" \/>\r\n\t<meta property=\"og:image:height\" content=\"641\" \/>\r\n\t<meta property=\"og:image:type\" content=\"image\/jpeg\" \/>\r\n<meta name=\"twitter:card\" content=\"summary_large_image\" \/>\r\n<script type=\"application\/ld+json\" class=\"yoast-schema-graph\">{\"@context\":\"https:\/\/schema.org\",\"@graph\":[{\"@type\":\"WebPage\",\"@id\":\"https:\/\/energie.pt\/fr\/assistance-clientele\/assistance-technique\/\",\"url\":\"https:\/\/energie.pt\/fr\/assistance-clientele\/assistance-technique\/\",\"name\":\"Assistance technique - ENERGIE EST, Lda.\",\"isPartOf\":{\"@id\":\"https:\/\/energie.pt\/fr\/#website\"},\"primaryImageOfPage\":{\"@id\":\"https:\/\/energie.pt\/fr\/assistance-clientele\/assistance-technique\/#primaryimage\"},\"image\":{\"@id\":\"https:\/\/energie.pt\/fr\/assistance-clientele\/assistance-technique\/#primaryimage\"},\"thumbnailUrl\":\"https:\/\/energie.pt\/wp-content\/uploads\/2022\/11\/banners_v2-07.jpg\",\"datePublished\":\"2022-05-11T17:36:18+00:00\",\"dateModified\":\"2026-02-24T17:43:26+00:00\",\"breadcrumb\":{\"@id\":\"https:\/\/energie.pt\/fr\/assistance-clientele\/assistance-technique\/#breadcrumb\"},\"inLanguage\":\"fr-FR\",\"potentialAction\":[{\"@type\":\"ReadAction\",\"target\":[\"https:\/\/energie.pt\/fr\/assistance-clientele\/assistance-technique\/\"]}]},{\"@type\":\"ImageObject\",\"inLanguage\":\"fr-FR\",\"@id\":\"https:\/\/energie.pt\/fr\/assistance-clientele\/assistance-technique\/#primaryimage\",\"url\":\"https:\/\/energie.pt\/wp-content\/uploads\/2022\/11\/banners_v2-07.jpg\",\"contentUrl\":\"https:\/\/energie.pt\/wp-content\/uploads\/2022\/11\/banners_v2-07.jpg\",\"width\":2000,\"height\":641},{\"@type\":\"BreadcrumbList\",\"@id\":\"https:\/\/energie.pt\/fr\/assistance-clientele\/assistance-technique\/#breadcrumb\",\"itemListElement\":[{\"@type\":\"ListItem\",\"position\":1,\"name\":\"Page d'accueil\",\"item\":\"https:\/\/energie.pt\/fr\/\"},{\"@type\":\"ListItem\",\"position\":2,\"name\":\"Assistance client\u00e8le\",\"item\":\"https:\/\/energie.pt\/fr\/assistance-clientele\/\"},{\"@type\":\"ListItem\",\"position\":3,\"name\":\"Assistance technique\"}]},{\"@type\":\"WebSite\",\"@id\":\"https:\/\/energie.pt\/fr\/#website\",\"url\":\"https:\/\/energie.pt\/fr\/\",\"name\":\"ENERGIE\",\"description\":\"Solutions d'\u00e9nergie solaire thermodynamique, climatisation, pompes \u00e0 chaleur et ECS\",\"publisher\":{\"@id\":\"https:\/\/energie.pt\/fr\/#organization\"},\"alternateName\":\"ENERGIE\",\"potentialAction\":[{\"@type\":\"SearchAction\",\"target\":{\"@type\":\"EntryPoint\",\"urlTemplate\":\"https:\/\/energie.pt\/fr\/?s={search_term_string}\"},\"query-input\":\"required name=search_term_string\"}],\"inLanguage\":\"fr-FR\"},{\"@type\":\"Organization\",\"@id\":\"https:\/\/energie.pt\/fr\/#organization\",\"name\":\"Energie - Thermodynamic Solar Energy\",\"alternateName\":\"Energie\",\"url\":\"https:\/\/energie.pt\/fr\/\",\"logo\":{\"@type\":\"ImageObject\",\"inLanguage\":\"fr-FR\",\"@id\":\"https:\/\/energie.pt\/fr\/#\/schema\/logo\/image\/\",\"url\":\"https:\/\/energie.pt\/wp-content\/uploads\/2021\/06\/logo_energie.svg\",\"contentUrl\":\"https:\/\/energie.pt\/wp-content\/uploads\/2021\/06\/logo_energie.svg\",\"width\":190,\"height\":55,\"caption\":\"Energie - Thermodynamic Solar Energy\"},\"image\":{\"@id\":\"https:\/\/energie.pt\/fr\/#\/schema\/logo\/image\/\"},\"sameAs\":[\"https:\/\/www.facebook.com\/EnergiePortugalEst\/\",\"https:\/\/www.instagram.com\/energieportugal\/\",\"https:\/\/www.youtube.com\/channel\/UCnItbF_zm_YZ1tFqzUcVgPQ\",\"https:\/\/www.linkedin.com\/company\/energieportugal\/\"]}]}<\/script>\r\n<!-- \/ Yoast SEO plugin. -->","yoast_head_json":{"title":"Assistance technique - ENERGIE EST, Lda.","robots":{"index":"index","follow":"follow","max-snippet":"max-snippet:-1","max-image-preview":"max-image-preview:large","max-video-preview":"max-video-preview:-1"},"canonical":"https:\/\/energie.pt\/fr\/assistance-clientele\/assistance-technique\/","og_locale":"fr_FR","og_type":"article","og_title":"Assistance technique - ENERGIE EST, Lda.","og_description":"Nous avons plusieurs points d&rsquo;assistance technique, avec une couverture dans tout le pays. Les prestations d&rsquo;assistance technique sont r\u00e9alis\u00e9es par des entreprises, nos partenaires, avec une formation qualifi\u00e9e sur nos produits. Pour savoir quel point de service est le plus proche de chez vous, que ce soit pour une assistance sous garantie, un entretien p\u00e9riodique [&hellip;]","og_url":"https:\/\/energie.pt\/fr\/assistance-clientele\/assistance-technique\/","og_site_name":"ENERGIE EST, Lda.","article_publisher":"https:\/\/www.facebook.com\/EnergiePortugalEst\/","article_modified_time":"2026-02-24T17:43:26+00:00","og_image":[{"width":2000,"height":641,"url":"https:\/\/energie.pt\/wp-content\/uploads\/2022\/11\/banners_v2-07.jpg","type":"image\/jpeg"}],"twitter_card":"summary_large_image","schema":{"@context":"https:\/\/schema.org","@graph":[{"@type":"WebPage","@id":"https:\/\/energie.pt\/fr\/assistance-clientele\/assistance-technique\/","url":"https:\/\/energie.pt\/fr\/assistance-clientele\/assistance-technique\/","name":"Assistance technique - ENERGIE EST, Lda.","isPartOf":{"@id":"https:\/\/energie.pt\/fr\/#website"},"primaryImageOfPage":{"@id":"https:\/\/energie.pt\/fr\/assistance-clientele\/assistance-technique\/#primaryimage"},"image":{"@id":"https:\/\/energie.pt\/fr\/assistance-clientele\/assistance-technique\/#primaryimage"},"thumbnailUrl":"https:\/\/energie.pt\/wp-content\/uploads\/2022\/11\/banners_v2-07.jpg","datePublished":"2022-05-11T17:36:18+00:00","dateModified":"2026-02-24T17:43:26+00:00","breadcrumb":{"@id":"https:\/\/energie.pt\/fr\/assistance-clientele\/assistance-technique\/#breadcrumb"},"inLanguage":"fr-FR","potentialAction":[{"@type":"ReadAction","target":["https:\/\/energie.pt\/fr\/assistance-clientele\/assistance-technique\/"]}]},{"@type":"ImageObject","inLanguage":"fr-FR","@id":"https:\/\/energie.pt\/fr\/assistance-clientele\/assistance-technique\/#primaryimage","url":"https:\/\/energie.pt\/wp-content\/uploads\/2022\/11\/banners_v2-07.jpg","contentUrl":"https:\/\/energie.pt\/wp-content\/uploads\/2022\/11\/banners_v2-07.jpg","width":2000,"height":641},{"@type":"BreadcrumbList","@id":"https:\/\/energie.pt\/fr\/assistance-clientele\/assistance-technique\/#breadcrumb","itemListElement":[{"@type":"ListItem","position":1,"name":"Page d'accueil","item":"https:\/\/energie.pt\/fr\/"},{"@type":"ListItem","position":2,"name":"Assistance client\u00e8le","item":"https:\/\/energie.pt\/fr\/assistance-clientele\/"},{"@type":"ListItem","position":3,"name":"Assistance technique"}]},{"@type":"WebSite","@id":"https:\/\/energie.pt\/fr\/#website","url":"https:\/\/energie.pt\/fr\/","name":"ENERGIE","description":"Solutions d'\u00e9nergie solaire thermodynamique, climatisation, pompes \u00e0 chaleur et ECS","publisher":{"@id":"https:\/\/energie.pt\/fr\/#organization"},"alternateName":"ENERGIE","potentialAction":[{"@type":"SearchAction","target":{"@type":"EntryPoint","urlTemplate":"https:\/\/energie.pt\/fr\/?s={search_term_string}"},"query-input":"required name=search_term_string"}],"inLanguage":"fr-FR"},{"@type":"Organization","@id":"https:\/\/energie.pt\/fr\/#organization","name":"Energie - Thermodynamic Solar Energy","alternateName":"Energie","url":"https:\/\/energie.pt\/fr\/","logo":{"@type":"ImageObject","inLanguage":"fr-FR","@id":"https:\/\/energie.pt\/fr\/#\/schema\/logo\/image\/","url":"https:\/\/energie.pt\/wp-content\/uploads\/2021\/06\/logo_energie.svg","contentUrl":"https:\/\/energie.pt\/wp-content\/uploads\/2021\/06\/logo_energie.svg","width":190,"height":55,"caption":"Energie - Thermodynamic Solar Energy"},"image":{"@id":"https:\/\/energie.pt\/fr\/#\/schema\/logo\/image\/"},"sameAs":["https:\/\/www.facebook.com\/EnergiePortugalEst\/","https:\/\/www.instagram.com\/energieportugal\/","https:\/\/www.youtube.com\/channel\/UCnItbF_zm_YZ1tFqzUcVgPQ","https:\/\/www.linkedin.com\/company\/energieportugal\/"]}]}},"_links":{"self":[{"href":"https:\/\/energie.pt\/fr\/wp-json\/wp\/v2\/pages\/7527"}],"collection":[{"href":"https:\/\/energie.pt\/fr\/wp-json\/wp\/v2\/pages"}],"about":[{"href":"https:\/\/energie.pt\/fr\/wp-json\/wp\/v2\/types\/page"}],"author":[{"embeddable":true,"href":"https:\/\/energie.pt\/fr\/wp-json\/wp\/v2\/users\/12"}],"replies":[{"embeddable":true,"href":"https:\/\/energie.pt\/fr\/wp-json\/wp\/v2\/comments?post=7527"}],"version-history":[{"count":7,"href":"https:\/\/energie.pt\/fr\/wp-json\/wp\/v2\/pages\/7527\/revisions"}],"predecessor-version":[{"id":34260,"href":"https:\/\/energie.pt\/fr\/wp-json\/wp\/v2\/pages\/7527\/revisions\/34260"}],"up":[{"embeddable":true,"href":"https:\/\/energie.pt\/fr\/wp-json\/wp\/v2\/pages\/7990"}],"wp:featuredmedia":[{"embeddable":true,"href":"https:\/\/energie.pt\/fr\/wp-json\/wp\/v2\/media\/15044"}],"wp:attachment":[{"href":"https:\/\/energie.pt\/fr\/wp-json\/wp\/v2\/media?parent=7527"}],"curies":[{"name":"wp","href":"https:\/\/api.w.org\/{rel}","templated":true}]}}