{"id":7698,"date":"2021-06-29T11:18:24","date_gmt":"2021-06-29T11:18:24","guid":{"rendered":"https:\/\/energie.pt\/politica-sulla-riservatezza\/"},"modified":"2023-03-07T10:33:06","modified_gmt":"2023-03-07T10:33:06","slug":"politica-sulla-riservatezza","status":"publish","type":"page","link":"https:\/\/energie.pt\/it\/politica-sulla-riservatezza\/","title":{"rendered":"Politica sulla riservatezza"},"content":{"rendered":"\n<h2 class=\"wp-block-heading\">Informativa sulla privacy e sulla protezione dei dati<\/h2>\n\n<p><mark style=\"background-color:rgba(0, 0, 0, 0)\" class=\"has-inline-color has-palette-color-1-color\">1 &#8211; IDENTIT\u00c0 DEL TITOLARE DEL TRATTAMENTO<\/mark><br\/>Societ\u00e0: ENERGIE EST, LDA.<br\/>Sede: ZONA INDUSTRIAL DE LAUNDOS \u2013 LOTE 48, 4570-311 POVOA DE VARZIM<br\/>CODICE FISCALE E PARTITA IVA: 501 766 260<br\/>Contacto Encarregado da Prote\u00e7\u00e3o de Dados: <a href=\"mailto:dpo@energie.pt\">dpo@energie.pt<\/a><br\/><br\/><mark style=\"background-color:rgba(0, 0, 0, 0)\" class=\"has-inline-color has-palette-color-1-color\">2 &#8211; INFORMAZIONI E CONSENSO<\/mark><br\/>La Legge sulla Protezione dei Dati (di seguito \u201cLPDP\u201d) e il Regolamento Generale sulla Protezione dei Dati (Regolamento UE) 2016\/679 del Parlamento Europeo e del Consiglio del 27 aprile del 2016 (di seguito \u201cRGPD\u201d) garantiscono la protezione delle persone fisiche riguardo al trattamento dei dati personali e alla libera circolazione di questi dati.<br\/>Per legge si considera come \u201cdati personali\u201d qualsiasi informazione, di qualsiasi genere e a prescindere dal supporto, compresi suono e immagine, relativa a una persona identificata o identificabile, per cui la protezione non include i dati delle persone giuridiche.<br\/>Nell\u2019accettare questa Informativa sulla Privacy, l\u2019utente accorda il suo consenso informato, esplicito, libero e inequivocabile affinch\u00e9 i dati personali forniti tramite il sito www.energie.pt siano inclusi in un file di responsabilit\u00e0 di ENERGIE, EST, il cui trattamento ai sensi di LPDP e di RGPD rispetta le misure di sicurezza tecniche e organizzative adeguate.<br\/>ENERGIE, EST, conserva una base di dati con l\u2019iscrizione dei propri clienti. I dati presenti in questa base di dati sono unicamente i dati forniti dagli stessi clienti al momento dell\u2019iscrizione, vengono raccolti e trattati automaticamente, secondo quanto approvato della Commissione Nazionale di Protezione dei Dati, da ENERGIE, EST, la responsabile per il relativo file.<br\/>In nessun caso verranno richieste informazioni riguardo a convinzioni filosofiche o politiche, affiliazione a partiti o sindacati, fede religiosa, vita privata e origine razziale o etnica cos\u00ec come dati relativi a salute e vita sessuale, compresi i dati genetici.<br\/>In nessun caso faremo qualsiasi delle seguenti attivit\u00e0 con i dati personali che ci vengano forniti tramite questo sito:<br\/>Cedere dati a altre persone o enti, senza il previo consenso del titolare dei dati;<br\/>Trasferire i dati al di fuori dello Spazio Economico Europeo (SEE), senza il previo consenso del titolare dei dati;<br\/><br\/><mark style=\"background-color:rgba(0, 0, 0, 0)\" class=\"has-inline-color has-palette-color-1-color\">3 &#8211; FINALIT\u00c0 DEL TRATTAMENTO DEI DATI PERSONALI<\/mark><br\/>I dati personali che trattiamo tramite questa pagina saranno utilizzati unicamente per le seguenti finalit\u00e0:<br\/>Trattamento di ordini;<br\/>Comunicazione con i clienti e chiarimento di dubbi;<br\/>Trattamento di richieste di informazioni;<br\/>Trattamento di reclami;<br\/>Attivit\u00e0 di analisi statistica;<br\/>Verificare, mantenere e sviluppare sistemi e analisi statistiche;<br\/>Comunicazioni di marketing diretto (qualora sia stato dato il consenso al trattamento dei dati personali per tale finalit\u00e0);<br\/>Prevenzione e lotta alle frodi:<br\/>Richiesta di commenti su prodotti o servizi acquistati;<br\/>Realizzazione di indagini sulla soddisfazione del cliente.<br\/>ENERGIE assicura la riservatezza di tutti i dati forniti dai suoi clienti. Nonostante ENERGIE proceda alla raccolta e al trattamento dei dati in un modo sicuro e che ne impedisce la perdita o la manipolazione, servendosi delle tecniche pi\u00f9 avanzate a tale scopo, informiamo che la raccolta in reti aperte permette la circolazione di dati personali senza sicurezza, con il rischio che possano essere visti o utilizzati da terzi senza autorizzazione.<br\/>Al momento della raccolta dei dati personali, fatti salvi i campi in cui \u00e8 indicato il contrario, l\u2019utente potr\u00e0, volontariamente, fornire i dati personali, senza che la mancanza di risposta implichi una diminuzione della qualit\u00e0 o quantit\u00e0 dei servizi corrispondenti (a meno che non sia indicato altro). Tuttavia, la mancanza di risposta riguardo ai dati considerati obbligatori implicher\u00e0 l\u2019impossibilit\u00e0 di accedere al servizio per il quale i dati sono stati richiesti.<br\/>Qualora l\u2019utente non consenta alle condizioni menzionate sopra, ENERGIE, EST non potr\u00e0 contattare l\u2019utente tramite la sua pagina Web.<br\/><br\/><mark style=\"background-color:rgba(0, 0, 0, 0)\" class=\"has-inline-color has-palette-color-1-color\">4 &#8211; CESSIONE DI DATI PERSONALI<\/mark><br\/>Per il regolare funzionamento di questo sito, ENERGIE, EST ceder\u00e0 i vostri dati personali a terzi, che ne faranno il trattamento per le seguenti finalit\u00e0:<br\/>Attivit\u00e0 di gestione e trattamento di pagamenti;<br\/>Prestazione di servizi.<br\/><br\/><mark style=\"background-color:rgba(0, 0, 0, 0)\" class=\"has-inline-color has-palette-color-1-color\">5 &#8211; MISURE DI SICUREZZA<\/mark><br\/>ENERGIE, EST dichiara di aver implementato e di continuare a implementare le misure di sicurezza di tipo tecnico e organizzativo richieste per garantire la sicurezza dei dati personali che ad essa siano forniti per evitarne la modifica, la perdita, il trattamento e\/o l\u2019 accesso non autorizzato, considerando lo stato attuale della tecnologia, la natura dei dati conservati e i rischi a cui sono esposti.<br\/>ENERGIE assicura la riservatezza di tutti i dati forniti dai suoi clienti, sia nell\u2019iscrizione, sia nella procedura di acquisto\/ordine di prodotti o servizi. La raccolta e il trattamento dei dati avviene in modo sicuro che ne impedisce la perdita o manipolazione.<br\/>Tutti i dati saranno inseriti in un Server che li cripta\/codifica (li trasforma in un codice) L\u2019utente potr\u00e0 verificare che il suo browser \u00e8 sicuro se compare il simbolo del lucchetto o se l\u2019indirizzo comincia con https invece di http.<br\/>I dati personali sono trattati con il livello di protezione esigibile per legge in modo da garantirne la sicurezza e evitarne la modifica, la perdita o l\u2019accesso non autorizzato, tenuto conto dello stato della tecnologia, ma l\u2019utente \u00e8 consapevole e accetta che le misure di sicurezza su Internet non sono insuperabili.<br\/>ENERGIE, EST, ogni volta in cui acceda a qualsiasi dato personale, si impegna a:<br\/>Conservarlo attraverso misure di sicurezza, esigibili per legge, di natura tecnica e organizzativa che garantiscono la sicurezza del dato e cos\u00ec ne evitano la modifica, il trattamento o l\u2019accesso non autorizzato, secondo lo stato della tecnologia in ogni momento, la natura dei dati e i rischi eventuali a cui sono esposti.<br\/>Utilizzare i dati esclusivamente per le finalit\u00e0 previamente definite;<br\/>Verificare che i dati sono trattati unicamente dai lavoratori il cui intervento \u00e8 necessario per la prestazione del servizio, i quali sono tenuti al dovere di segretezza e riservatezza. Essendoci la possibilit\u00e0 che le informazioni vengano rivelate a terzi, questi ultimi devono essere tenuti a mantenere la dovuta riservatezza secondo quanto previsto in questo documento.<br\/><br\/><mark style=\"background-color:rgba(0, 0, 0, 0)\" class=\"has-inline-color has-palette-color-1-color\">6 &#8211; COMUNICAZIONI COMMERCIALI E PROMOZIONALI<\/mark><br\/>Una delle finalit\u00e0 per cui trattiamo i dati personali forniti dagli utenti \u00e8 quella di inviare comunicazioni telematiche con informazioni riguardo a comunicazioni commerciali e promozionali.<br\/>Quando faremo comunicazioni di questo tipo, saranno indirizzate agli utenti che le abbiano previamente autorizzate e in modo esplicito.<br\/>Secondo il disposto nel decreto legislativo n.\u00ba 7\/2004, del 7 gennaio, qualora l\u2019utente desideri non ricevere pi\u00f9 comunicazioni commerciali o promozionali da ENERGIE, EST, potr\u00e0 chiedere l\u2019opposizione al servizio inviando un\u2019e-mail all\u2019indirizzo<a href=\"mailto:dpo@energie.pt\">dpo@energie.pt<\/a>.<br\/><br\/><mark style=\"background-color:rgba(0, 0, 0, 0)\" class=\"has-inline-color has-palette-color-1-color\">7 &#8211; ESERCIZIO DEI DIRITTI<\/mark><br\/>Secondo le disposizioni di LDPD e di RGPD, l\u2019utente pu\u00f2 in ogni momento esercitare i diritti di accesso, rettificazione, cancellamento, limitazione, opposizione e portabilit\u00e0, tramite richiesta con uno dei seguenti mezzi: <a href=\"mailto:dpo@energie.pt\">dpo@energie.pt<\/a><br\/>Qualora l\u2019utente desideri, in qualsiasi momento, non far pi\u00f9 parte della base di dati ENERGIE potr\u00e0 esercitare tale diritto tramite questo contatto.<\/p>\n","protected":false},"excerpt":{"rendered":"<p>Informativa sulla privacy e sulla protezione dei dati 1 &#8211; IDENTIT\u00c0 DEL TITOLARE DEL TRATTAMENTOSociet\u00e0: ENERGIE EST, LDA.Sede: ZONA INDUSTRIAL DE LAUNDOS \u2013 LOTE 48, 4570-311 POVOA DE VARZIMCODICE FISCALE E PARTITA IVA: 501 766 260Contacto Encarregado da Prote\u00e7\u00e3o de Dados: dpo@energie.pt 2 &#8211; INFORMAZIONI E CONSENSOLa Legge sulla Protezione dei Dati (di seguito \u201cLPDP\u201d) [&hellip;]<\/p>\n","protected":false},"author":12,"featured_media":18032,"parent":0,"menu_order":0,"comment_status":"closed","ping_status":"closed","template":"","meta":{"_acf_changed":false,"footnotes":""},"class_list":["post-7698","page","type-page","status-publish","has-post-thumbnail","hentry"],"blocksy_meta":{"styles_descriptor":{"styles":{"desktop":"","tablet":"","mobile":""},"google_fonts":[],"version":6},"page_title_panel":"","has_hero_section":"default","d5f0f208490689846adf6f6e4be0b601":"","hero_section":"type-2","hero_elements":[{"id":"custom_title","enabled":true,"heading_tag":"h1","title":"In\u00edcio","__id":"TsYKxXuHMO7N9aihBp2sd"},{"id":"breadcrumbs","enabled":true,"__id":"eszPRUBCyUPh2M9MpFCIM"},{"id":"custom_description","enabled":false,"description_visibility":{"desktop":true,"tablet":true,"mobile":false},"__id":"GzeJ4EULqVa1hiicrPqB3"},{"id":"custom_meta","enabled":false,"meta_elements":[{"id":"author","enabled":true,"label":"Por","has_author_avatar":"yes","avatar_size":25},{"id":"post_date","enabled":true,"label":"Em","date_format_source":"default","date_format":"M j, Y"},{"id":"updated_date","enabled":false,"label":"Em","date_format_source":"default","date_format":"M j, Y"},{"id":"categories","enabled":false,"label":"Em","style":"simple"},{"id":"comments","enabled":true}],"page_meta_elements":{"joined":true,"articles_count":true,"comments":true},"__id":"aOgtzb8-oGDGcp-2aJ7Xn"}],"d81ca86e76ea395196271ae889ee4930":"","hero_alignment1":"CT_CSS_SKIP_RULE","hero_margin":40,"hero_alignment2":{"desktop":"left","tablet":"left","mobile":"left","__changed":[]},"hero_vertical_alignment":"center","05a65d3689001d31c545e90ce1385e99":"","hero_structure":"normal","0084ee75a051fb34b987e8fc7f32f387":"","page_title_bg_type":"featured_image","custom_hero_background":{"attachment_id":null},"page_title_image_size":"full","parallax":{"desktop":false,"tablet":false,"mobile":false},"f6bef46ff1330931c5d5a60736aa102e":"","hero_height":"250px","pageTitleFont":{"family":"Default","variation":"Default","size":"30px","line-height":"CT_CSS_SKIP_RULE","letter-spacing":"CT_CSS_SKIP_RULE","text-transform":"CT_CSS_SKIP_RULE","text-decoration":"CT_CSS_SKIP_RULE"},"pageTitleFontColor":{"default":{"color":"var(--theme-palette-color-8)"}},"pageMetaFont":{"family":"Default","variation":"n6","size":"12px","line-height":"1.3","letter-spacing":"CT_CSS_SKIP_RULE","text-transform":"uppercase","text-decoration":"CT_CSS_SKIP_RULE"},"pageMetaFontColor":{"default":{"color":"CT_CSS_SKIP_RULEDEFAULT"},"hover":{"color":"CT_CSS_SKIP_RULEDEFAULT"}},"page_meta_button_type_font_colors":{"default":{"color":"CT_CSS_SKIP_RULEDEFAULT"},"hover":{"color":"CT_CSS_SKIP_RULEDEFAULT"}},"page_meta_button_type_background_colors":{"default":{"color":"CT_CSS_SKIP_RULEDEFAULT"},"hover":{"color":"CT_CSS_SKIP_RULEDEFAULT"}},"pageExcerptFont":{"family":"Default","variation":"Default","size":"CT_CSS_SKIP_RULE","line-height":"CT_CSS_SKIP_RULE","letter-spacing":"CT_CSS_SKIP_RULE","text-transform":"CT_CSS_SKIP_RULE","text-decoration":"CT_CSS_SKIP_RULE"},"pageExcerptColor":{"default":{"color":"CT_CSS_SKIP_RULEDEFAULT"}},"breadcrumbsFont":{"family":"Default","variation":"Default","size":"CT_CSS_SKIP_RULE","line-height":"CT_CSS_SKIP_RULE","letter-spacing":"CT_CSS_SKIP_RULE","text-transform":"CT_CSS_SKIP_RULE","text-decoration":"CT_CSS_SKIP_RULE"},"breadcrumbsFontColor":{"default":{"color":"CT_CSS_SKIP_RULEDEFAULT"},"initial":{"color":"var(--theme-palette-color-8)"},"hover":{"color":"var(--theme-palette-color-8)"}},"pageTitleOverlay":{"background_type":"color","background_pattern":"type-1","background_image":{"attachment_id":null,"x":0,"y":0},"gradient":"linear-gradient(135deg,rgba(6,147,227,1) 0%,rgb(155,81,224) 100%)","background_repeat":"repeat","background_size":"auto","background_attachment":"scroll","patternColor":{"default":{"color":"#e5e7ea"}},"overlayColor":{"default":{"color":"CT_CSS_SKIP_RULE"}},"backgroundColor":{"default":{"color":"CT_CSS_SKIP_RULE"}}},"pageTitleBackground":{"background_type":"color","background_pattern":"type-1","background_image":{"attachment_id":null,"x":0,"y":0},"gradient":"linear-gradient(135deg,rgba(6,147,227,1) 0%,rgb(155,81,224) 100%)","background_repeat":"repeat","background_size":"auto","background_attachment":"scroll","patternColor":{"default":{"color":"#e5e7ea"}},"overlayColor":{"default":{"color":"CT_CSS_SKIP_RULE"}},"backgroundColor":{"default":{"color":"var(--theme-palette-color-1)"}}},"pageTitlePadding":{"top":"50px","bottom":"50px","left":"auto","right":"auto","linked":true},"182b25cf456c6ca774e9ba38afa1ef40":"","page_structure_type":"default","c4e1c90f601e5f3d215a6e70a7f3e446":"","content_style_source":"inherit","content_style":"wide","vertical_spacing_source":"inherit","content_area_spacing":"both","background":{"background_type":"color","background_pattern":"type-1","background_image":{"attachment_id":null,"x":0,"y":0},"gradient":"linear-gradient(135deg,rgba(6,147,227,1) 0%,rgb(155,81,224) 100%)","background_repeat":"repeat","background_size":"auto","background_attachment":"scroll","patternColor":{"default":{"color":"#e5e7ea"}},"overlayColor":{"default":{"color":"CT_CSS_SKIP_RULE"}},"backgroundColor":{"default":{"color":"CT_CSS_SKIP_RULE"}}},"content_background":{"background_type":"color","background_pattern":"type-1","background_image":{"attachment_id":null,"x":0,"y":0},"gradient":"linear-gradient(135deg,rgba(6,147,227,1) 0%,rgb(155,81,224) 100%)","background_repeat":"repeat","background_size":"auto","background_attachment":"scroll","patternColor":{"default":{"color":"#e5e7ea"}},"overlayColor":{"default":{"color":"CT_CSS_SKIP_RULE"}},"backgroundColor":{"default":{"color":"var(--theme-palette-color-8)"}}},"content_boxed_shadow":{"inherit":false,"blur":18,"spread":-6,"v_offset":12,"h_offset":0,"inset":false,"enable":true,"color":{"color":"rgba(34, 56, 101, 0.04)"}},"boxed_content_spacing":{"desktop":{"top":"40px","bottom":"40px","left":"40px","right":"40px","linked":true},"tablet":{"top":"35px","bottom":"35px","left":"35px","right":"35px","linked":true},"mobile":{"top":"20px","bottom":"20px","left":"20px","right":"20px","linked":true}},"content_boxed_radius":{"top":"3px","bottom":"3px","left":"3px","right":"3px","linked":true},"12834e018209947c35e216d628a01d98":"","disable_featured_image":"no","disable_share_box":"no","disable_header":"no","disable_footer":"no"},"acf":[],"yoast_head":"<!-- This site is optimized with the Yoast SEO plugin v22.8 - https:\/\/yoast.com\/wordpress\/plugins\/seo\/ -->\r\n<title>Politica sulla riservatezza - ENERGIE EST, Lda.<\/title>\r\n<meta name=\"robots\" content=\"index, follow, max-snippet:-1, max-image-preview:large, max-video-preview:-1\" \/>\r\n<link rel=\"canonical\" href=\"https:\/\/energie.pt\/it\/politica-sulla-riservatezza\/\" \/>\r\n<meta property=\"og:locale\" content=\"it_IT\" \/>\r\n<meta property=\"og:type\" content=\"article\" \/>\r\n<meta property=\"og:title\" content=\"Politica sulla riservatezza - ENERGIE EST, Lda.\" \/>\r\n<meta property=\"og:description\" content=\"Informativa sulla privacy e sulla protezione dei dati 1 &#8211; IDENTIT\u00c0 DEL TITOLARE DEL TRATTAMENTOSociet\u00e0: ENERGIE EST, LDA.Sede: ZONA INDUSTRIAL DE LAUNDOS \u2013 LOTE 48, 4570-311 POVOA DE VARZIMCODICE FISCALE E PARTITA IVA: 501 766 260Contacto Encarregado da Prote\u00e7\u00e3o de Dados: dpo@energie.pt 2 &#8211; INFORMAZIONI E CONSENSOLa Legge sulla Protezione dei Dati (di seguito \u201cLPDP\u201d) [&hellip;]\" \/>\r\n<meta property=\"og:url\" content=\"https:\/\/energie.pt\/it\/politica-sulla-riservatezza\/\" \/>\r\n<meta property=\"og:site_name\" content=\"ENERGIE EST, Lda.\" \/>\r\n<meta property=\"article:publisher\" content=\"https:\/\/www.facebook.com\/EnergiePortugalEst\/\" \/>\r\n<meta property=\"article:modified_time\" content=\"2023-03-07T10:33:06+00:00\" \/>\r\n<meta property=\"og:image\" content=\"https:\/\/energie.pt\/wp-content\/uploads\/2023\/01\/rgpd-02_v2.4-scaled.jpg\" \/>\r\n\t<meta property=\"og:image:width\" content=\"2560\" \/>\r\n\t<meta property=\"og:image:height\" content=\"820\" \/>\r\n\t<meta property=\"og:image:type\" content=\"image\/jpeg\" \/>\r\n<meta name=\"twitter:card\" content=\"summary_large_image\" \/>\r\n<meta name=\"twitter:label1\" content=\"Tempo di lettura stimato\" \/>\n\t<meta name=\"twitter:data1\" content=\"6 minuti\" \/>\r\n<script type=\"application\/ld+json\" class=\"yoast-schema-graph\">{\"@context\":\"https:\/\/schema.org\",\"@graph\":[{\"@type\":\"WebPage\",\"@id\":\"https:\/\/energie.pt\/it\/politica-sulla-riservatezza\/\",\"url\":\"https:\/\/energie.pt\/it\/politica-sulla-riservatezza\/\",\"name\":\"Politica sulla riservatezza - ENERGIE EST, Lda.\",\"isPartOf\":{\"@id\":\"https:\/\/energie.pt\/it\/#website\"},\"primaryImageOfPage\":{\"@id\":\"https:\/\/energie.pt\/it\/politica-sulla-riservatezza\/#primaryimage\"},\"image\":{\"@id\":\"https:\/\/energie.pt\/it\/politica-sulla-riservatezza\/#primaryimage\"},\"thumbnailUrl\":\"https:\/\/energie.pt\/wp-content\/uploads\/2023\/01\/rgpd-02_v2.4-scaled.jpg\",\"datePublished\":\"2021-06-29T11:18:24+00:00\",\"dateModified\":\"2023-03-07T10:33:06+00:00\",\"breadcrumb\":{\"@id\":\"https:\/\/energie.pt\/it\/politica-sulla-riservatezza\/#breadcrumb\"},\"inLanguage\":\"it-IT\",\"potentialAction\":[{\"@type\":\"ReadAction\",\"target\":[\"https:\/\/energie.pt\/it\/politica-sulla-riservatezza\/\"]}]},{\"@type\":\"ImageObject\",\"inLanguage\":\"it-IT\",\"@id\":\"https:\/\/energie.pt\/it\/politica-sulla-riservatezza\/#primaryimage\",\"url\":\"https:\/\/energie.pt\/wp-content\/uploads\/2023\/01\/rgpd-02_v2.4-scaled.jpg\",\"contentUrl\":\"https:\/\/energie.pt\/wp-content\/uploads\/2023\/01\/rgpd-02_v2.4-scaled.jpg\",\"width\":2560,\"height\":820},{\"@type\":\"BreadcrumbList\",\"@id\":\"https:\/\/energie.pt\/it\/politica-sulla-riservatezza\/#breadcrumb\",\"itemListElement\":[{\"@type\":\"ListItem\",\"position\":1,\"name\":\"Homepage\",\"item\":\"https:\/\/energie.pt\/it\/\"},{\"@type\":\"ListItem\",\"position\":2,\"name\":\"Politica sulla riservatezza\"}]},{\"@type\":\"WebSite\",\"@id\":\"https:\/\/energie.pt\/it\/#website\",\"url\":\"https:\/\/energie.pt\/it\/\",\"name\":\"ENERGIE\",\"description\":\"Soluzioni termodinamiche per l'energia solare, climatizzazione, pompe di calore e ACS\",\"publisher\":{\"@id\":\"https:\/\/energie.pt\/it\/#organization\"},\"alternateName\":\"ENERGIE\",\"potentialAction\":[{\"@type\":\"SearchAction\",\"target\":{\"@type\":\"EntryPoint\",\"urlTemplate\":\"https:\/\/energie.pt\/it\/?s={search_term_string}\"},\"query-input\":\"required name=search_term_string\"}],\"inLanguage\":\"it-IT\"},{\"@type\":\"Organization\",\"@id\":\"https:\/\/energie.pt\/it\/#organization\",\"name\":\"Energie - Thermodynamic Solar Energy\",\"alternateName\":\"Energie\",\"url\":\"https:\/\/energie.pt\/it\/\",\"logo\":{\"@type\":\"ImageObject\",\"inLanguage\":\"it-IT\",\"@id\":\"https:\/\/energie.pt\/it\/#\/schema\/logo\/image\/\",\"url\":\"https:\/\/energie.pt\/wp-content\/uploads\/2021\/06\/logo_energie.svg\",\"contentUrl\":\"https:\/\/energie.pt\/wp-content\/uploads\/2021\/06\/logo_energie.svg\",\"width\":190,\"height\":55,\"caption\":\"Energie - Thermodynamic Solar Energy\"},\"image\":{\"@id\":\"https:\/\/energie.pt\/it\/#\/schema\/logo\/image\/\"},\"sameAs\":[\"https:\/\/www.facebook.com\/EnergiePortugalEst\/\",\"https:\/\/www.instagram.com\/energieportugal\/\",\"https:\/\/www.youtube.com\/channel\/UCnItbF_zm_YZ1tFqzUcVgPQ\",\"https:\/\/www.linkedin.com\/company\/energieportugal\/\"]}]}<\/script>\r\n<!-- \/ Yoast SEO plugin. -->","yoast_head_json":{"title":"Politica sulla riservatezza - ENERGIE EST, Lda.","robots":{"index":"index","follow":"follow","max-snippet":"max-snippet:-1","max-image-preview":"max-image-preview:large","max-video-preview":"max-video-preview:-1"},"canonical":"https:\/\/energie.pt\/it\/politica-sulla-riservatezza\/","og_locale":"it_IT","og_type":"article","og_title":"Politica sulla riservatezza - ENERGIE EST, Lda.","og_description":"Informativa sulla privacy e sulla protezione dei dati 1 &#8211; IDENTIT\u00c0 DEL TITOLARE DEL TRATTAMENTOSociet\u00e0: ENERGIE EST, LDA.Sede: ZONA INDUSTRIAL DE LAUNDOS \u2013 LOTE 48, 4570-311 POVOA DE VARZIMCODICE FISCALE E PARTITA IVA: 501 766 260Contacto Encarregado da Prote\u00e7\u00e3o de Dados: dpo@energie.pt 2 &#8211; INFORMAZIONI E CONSENSOLa Legge sulla Protezione dei Dati (di seguito \u201cLPDP\u201d) [&hellip;]","og_url":"https:\/\/energie.pt\/it\/politica-sulla-riservatezza\/","og_site_name":"ENERGIE EST, Lda.","article_publisher":"https:\/\/www.facebook.com\/EnergiePortugalEst\/","article_modified_time":"2023-03-07T10:33:06+00:00","og_image":[{"width":2560,"height":820,"url":"https:\/\/energie.pt\/wp-content\/uploads\/2023\/01\/rgpd-02_v2.4-scaled.jpg","type":"image\/jpeg"}],"twitter_card":"summary_large_image","twitter_misc":{"Tempo di lettura stimato":"6 minuti"},"schema":{"@context":"https:\/\/schema.org","@graph":[{"@type":"WebPage","@id":"https:\/\/energie.pt\/it\/politica-sulla-riservatezza\/","url":"https:\/\/energie.pt\/it\/politica-sulla-riservatezza\/","name":"Politica sulla riservatezza - ENERGIE EST, Lda.","isPartOf":{"@id":"https:\/\/energie.pt\/it\/#website"},"primaryImageOfPage":{"@id":"https:\/\/energie.pt\/it\/politica-sulla-riservatezza\/#primaryimage"},"image":{"@id":"https:\/\/energie.pt\/it\/politica-sulla-riservatezza\/#primaryimage"},"thumbnailUrl":"https:\/\/energie.pt\/wp-content\/uploads\/2023\/01\/rgpd-02_v2.4-scaled.jpg","datePublished":"2021-06-29T11:18:24+00:00","dateModified":"2023-03-07T10:33:06+00:00","breadcrumb":{"@id":"https:\/\/energie.pt\/it\/politica-sulla-riservatezza\/#breadcrumb"},"inLanguage":"it-IT","potentialAction":[{"@type":"ReadAction","target":["https:\/\/energie.pt\/it\/politica-sulla-riservatezza\/"]}]},{"@type":"ImageObject","inLanguage":"it-IT","@id":"https:\/\/energie.pt\/it\/politica-sulla-riservatezza\/#primaryimage","url":"https:\/\/energie.pt\/wp-content\/uploads\/2023\/01\/rgpd-02_v2.4-scaled.jpg","contentUrl":"https:\/\/energie.pt\/wp-content\/uploads\/2023\/01\/rgpd-02_v2.4-scaled.jpg","width":2560,"height":820},{"@type":"BreadcrumbList","@id":"https:\/\/energie.pt\/it\/politica-sulla-riservatezza\/#breadcrumb","itemListElement":[{"@type":"ListItem","position":1,"name":"Homepage","item":"https:\/\/energie.pt\/it\/"},{"@type":"ListItem","position":2,"name":"Politica sulla riservatezza"}]},{"@type":"WebSite","@id":"https:\/\/energie.pt\/it\/#website","url":"https:\/\/energie.pt\/it\/","name":"ENERGIE","description":"Soluzioni termodinamiche per l'energia solare, climatizzazione, pompe di calore e ACS","publisher":{"@id":"https:\/\/energie.pt\/it\/#organization"},"alternateName":"ENERGIE","potentialAction":[{"@type":"SearchAction","target":{"@type":"EntryPoint","urlTemplate":"https:\/\/energie.pt\/it\/?s={search_term_string}"},"query-input":"required name=search_term_string"}],"inLanguage":"it-IT"},{"@type":"Organization","@id":"https:\/\/energie.pt\/it\/#organization","name":"Energie - Thermodynamic Solar Energy","alternateName":"Energie","url":"https:\/\/energie.pt\/it\/","logo":{"@type":"ImageObject","inLanguage":"it-IT","@id":"https:\/\/energie.pt\/it\/#\/schema\/logo\/image\/","url":"https:\/\/energie.pt\/wp-content\/uploads\/2021\/06\/logo_energie.svg","contentUrl":"https:\/\/energie.pt\/wp-content\/uploads\/2021\/06\/logo_energie.svg","width":190,"height":55,"caption":"Energie - Thermodynamic Solar Energy"},"image":{"@id":"https:\/\/energie.pt\/it\/#\/schema\/logo\/image\/"},"sameAs":["https:\/\/www.facebook.com\/EnergiePortugalEst\/","https:\/\/www.instagram.com\/energieportugal\/","https:\/\/www.youtube.com\/channel\/UCnItbF_zm_YZ1tFqzUcVgPQ","https:\/\/www.linkedin.com\/company\/energieportugal\/"]}]}},"_links":{"self":[{"href":"https:\/\/energie.pt\/it\/wp-json\/wp\/v2\/pages\/7698"}],"collection":[{"href":"https:\/\/energie.pt\/it\/wp-json\/wp\/v2\/pages"}],"about":[{"href":"https:\/\/energie.pt\/it\/wp-json\/wp\/v2\/types\/page"}],"author":[{"embeddable":true,"href":"https:\/\/energie.pt\/it\/wp-json\/wp\/v2\/users\/12"}],"replies":[{"embeddable":true,"href":"https:\/\/energie.pt\/it\/wp-json\/wp\/v2\/comments?post=7698"}],"version-history":[{"count":0,"href":"https:\/\/energie.pt\/it\/wp-json\/wp\/v2\/pages\/7698\/revisions"}],"wp:featuredmedia":[{"embeddable":true,"href":"https:\/\/energie.pt\/it\/wp-json\/wp\/v2\/media\/18032"}],"wp:attachment":[{"href":"https:\/\/energie.pt\/it\/wp-json\/wp\/v2\/media?parent=7698"}],"curies":[{"name":"wp","href":"https:\/\/api.w.org\/{rel}","templated":true}]}}